

{"id":12841,"date":"2026-03-25T15:36:55","date_gmt":"2026-03-25T14:36:55","guid":{"rendered":"https:\/\/blackviewphones.com\/?post_type=product&#038;p=12841"},"modified":"2026-05-06T10:54:26","modified_gmt":"2026-05-06T08:54:26","slug":"blackview-fort-200-108-mp-kamera-und-kabelloses-laden","status":"publish","type":"product","link":"https:\/\/blackviewphones.com\/de\/product\/blackview-fort-200-108-mpx-camara-y-carga-inalambrica\/","title":{"rendered":"Blackview FORT 200 108-MP-Kamera und kabelloses Laden"},"content":{"rendered":"<h1 class=\"product_title entry-title\">Blackview FORT 200 108-MP-Kamera und kabelloses Laden<\/h1>\n<p data-start=\"666\" data-end=\"976\"><strong>Das fortschrittlichste Rugged-Modell der Blackview FORT-Serie<\/strong><\/p>\n<p data-start=\"666\" data-end=\"976\">Das neue FORT 200 ist ein robustes, leichtes Mobiltelefon, das Sie problemlos \u00fcberallhin mitnehmen k\u00f6nnen. Es zeichnet sich durch ein modernes Design und ein<strong> 108-MP-Samsung\u00ae-HM6-Hauptkamera<\/strong>, Funktion von\u00a0<strong>Fernbedienung<\/strong> Infrarot, damit Sie Ihre Ger\u00e4te bequem von Ihrem Sofa aus steuern k\u00f6nnen.<\/p>\n<p data-start=\"978\" data-end=\"1222\">Mit <strong>5000 mAh<\/strong> batteriebetrieben und mit <strong>kabelloses Laden<\/strong>, hochaufl\u00f6sende Kameras <strong>50-MP-Frontkamera Samsung\u00ae JN1 AI<\/strong> und 4G-Unterst\u00fctzung. Daher ist es ein Ger\u00e4t, das auf Langlebigkeit, Leistung und Anpassungsf\u00e4higkeit an extreme Bedingungen ausgelegt ist. Ein echter Allesk\u00f6nner f\u00fcr Profis und Abenteurer.<\/p>\n<p><strong>\ud83d\udcfa Gro\u00dfer 6,78\u2033 120Hz Bildschirm<\/strong><\/p>\n<p>Sein 6,78-Zoll-Bildschirm mit einer Bildwiederholfrequenz von 120 Hz bietet ein fl\u00fcssiges visuelles Erlebnis und ist ideal f\u00fcr Arbeit, Surfen und Multimedia.<\/p>\n<p><strong>\u2728 Hochwertiges, robustes Design<\/strong><\/p>\n<p>Das FORT 200 vereint extreme Langlebigkeit mit einem modernen Design, das von High-End-Smartphones inspiriert ist, und bietet eine robuste und zugleich elegante \u00c4sthetik.<\/p>\n<h3><b>IP68: WAS SIE TUN K\u00d6NNEN UND WAS NICHT<\/b><\/h3>\n<p><span style=\"font-weight: 400;\">Wenn ein Ger\u00e4t IP68-zertifiziert ist, bedeutet dies, dass es in Wasser getaucht werden kann. <\/span><b>S\u00fc\u00dfwasser<\/b> <b>in Tiefen von bis zu einem Meter f\u00fcr maximal 30 Minuten, vorausgesetzt, dass die Schutzvorrichtungen der Anschl\u00fcsse ordnungsgem\u00e4\u00df abgedichtet bleiben.<\/b><\/p>\n<p><b>Wir hinterlassen Ihnen einige Tipps<\/b> <b>f\u00fcr jedes Endger\u00e4t mit IP68-Zertifizierung<\/b><span style=\"font-weight: 400;\">:<\/span><\/p>\n<ul>\n<li style=\"font-weight: 400;\" aria-level=\"1\"><span style=\"font-weight: 400;\">Setzen Sie das IP68-Smartphone keinen Wasserstr\u00f6mungen wie Leitungswasser, Meereswellen oder Wasserf\u00e4llen aus.<\/span><\/li>\n<li style=\"font-weight: 400;\" aria-level=\"1\"><span style=\"font-weight: 400;\">Wenn Ihr IP68-Smartphone mit S\u00fc\u00dfwasser in Ber\u00fchrung gekommen ist, trocknen Sie es au\u00dferdem vorsichtig mit einem sauberen, weichen Tuch ab.<\/span><\/li>\n<li style=\"font-weight: 400;\" aria-level=\"1\"><span style=\"font-weight: 400;\">Wenn das IP68-Smartphone mit einer anderen Fl\u00fcssigkeit als S\u00fc\u00dfwasser (z. B. Meerwasser) in Ber\u00fchrung gekommen ist, sp\u00fclen Sie das Ger\u00e4t sofort vorsichtig mit S\u00fc\u00dfwasser ab und trocknen Sie es gr\u00fcndlich mit einem weichen, sauberen Tuch ab.<\/span><\/li>\n<li style=\"font-weight: 400;\" aria-level=\"1\"><span style=\"font-weight: 400;\">Wenn Zweifel bestehen, ob die Schutzvorrichtungen richtig geschlossen sind. <\/span><b>NEIN <\/b><span style=\"font-weight: 400;\">du machst es nass.<\/span><\/li>\n<li style=\"font-weight: 400;\" aria-level=\"1\"><span style=\"font-weight: 400;\">Vermeiden Sie aggressive Tests, um Ihre Ausdauer unter Beweis zu stellen<\/span><\/li>\n<li style=\"font-weight: 400;\" aria-level=\"1\"><span style=\"font-weight: 400;\">Es ist nicht ratsam, die Ger\u00e4tetasten im Wasser zu manipulieren.<\/span><\/li>\n<li style=\"font-weight: 400;\" aria-level=\"1\"><span style=\"font-weight: 400;\">Es wird empfohlen, das Ger\u00e4t NICHT in Salzwasser zu tauchen, da die IP-Zertifizierung nur f\u00fcr S\u00fc\u00dfwasser gilt.<\/span><\/li>\n<\/ul>\n<p><strong>IP69K + MIL-STD-810H: WAS SIE TUN K\u00d6NNEN UND WAS NICHT.<\/strong><\/p>\n<p>Ein Ger\u00e4t mit IP69K-Zertifizierung, das Tests gem\u00e4\u00df dem Milit\u00e4rstandard MIL-STD-810H bestanden hat, bietet ein \u00fcberragendes Ma\u00df an Best\u00e4ndigkeit gegen\u00fcber Hochdruckwasser, Staub, St\u00f6\u00dfen, Vibrationen und extremen Temperaturen.<\/p>\n<p><strong>Dieser US-Milit\u00e4rstandard bewertet die Leistung eines Ger\u00e4ts unter anspruchsvollen realen Einsatzbedingungen, garantiert jedoch keine Unzerst\u00f6rbarkeit. Hier einige Tipps f\u00fcr Ger\u00e4te mit IP69K- und MIL-STD-810H-Zertifizierung:<\/strong><\/p>\n<ul>\n<li>Gehen Sie nicht davon aus, dass der Milit\u00e4rstandard extreme St\u00f6\u00dfe oder St\u00fcrze aus beliebiger H\u00f6he zul\u00e4sst. Das Ger\u00e4t ist zwar robust, aber nicht unzerbrechlich.<\/li>\n<li>Vermeiden Sie es, Ihr Smartphone Dr\u00fccken, Temperaturen oder Kr\u00e4ften auszusetzen, die die vom Hersteller angegebenen Grenzwerte \u00fcberschreiten.<\/li>\n<li>Obwohl es hohem Wasserdruck standh\u00e4lt, sollte es nicht \u00fcber l\u00e4ngere Zeit untergetaucht oder unter Wasser oder bei direktem Wasserstrahl bet\u00e4tigt werden.<\/li>\n<li>Falls der Anschluss mit S\u00fc\u00dfwasser in Ber\u00fchrung gekommen ist, trocknen Sie ihn sorgf\u00e4ltig mit einem weichen Tuch ab.<\/li>\n<li>Falls es mit Salzwasser, Schlamm, Chemikalien oder anderen Fl\u00fcssigkeiten als S\u00fc\u00dfwasser in Ber\u00fchrung gekommen ist, sp\u00fclen Sie es vorsichtig mit S\u00fc\u00dfwasser ab und trocknen Sie es anschlie\u00dfend vollst\u00e4ndig.<\/li>\n<li>F\u00fchren Sie keine Extremtests mit Feuer, absichtlichen St\u00f6\u00dfen oder unn\u00f6tigen St\u00fcrzen durch, nur um die Haltbarkeit zu demonstrieren.<\/li>\n<li>Stellen Sie sicher, dass alle Abdeckungen, Schutzvorrichtungen oder Dichtungen vollst\u00e4ndig geschlossen sind, bevor Sie das Ger\u00e4t Staub, Druck oder Feuchtigkeit aussetzen.<\/li>\n<li>Obwohl es Vibrationen und hohen Temperaturen standh\u00e4lt, sollte ein l\u00e4ngerer Einsatz an schweren Maschinen, die die zertifizierten Bereiche \u00fcberschreiten, vermieden werden.<\/li>\n<\/ul>","protected":false},"excerpt":{"rendered":"<p data-start=\"1124\" data-end=\"1311\">Er <strong data-start=\"1127\" data-end=\"1149\">Blackview FORT 200<\/strong> Es ist das fortschrittlichste und robusteste Modell der FORT-Serie und zeichnet sich durch seine <strong data-start=\"1212\" data-end=\"1251\">108-MP-Kamera und 15-W-kabelloses Laden<\/strong>, zwei Merkmale, die bei robusten Mobiltelefonen ungew\u00f6hnlich sind.<\/p>\n<p data-start=\"1313\" data-end=\"1450\">Mit <strong data-start=\"1317\" data-end=\"1379\">6 GB\/12 GB RAM, virtuell erweiterbar auf bis zu 24 GB\/48 GB, 256 GB interner Speicher und ein 5.000-mAh-Akku<\/strong>, Es bietet Leistung, Autonomie und Spitzentechnologie in jeder Umgebung.<\/p>","protected":false},"featured_media":13627,"comment_status":"open","ping_status":"closed","template":"","meta":{"_acf_changed":false},"product_brand":[287],"product_cat":[42,136,159],"product_tag":[364],"class_list":{"0":"post-12841","1":"product","2":"type-product","3":"status-publish","4":"has-post-thumbnail","6":"product_brand-blackview","7":"product_cat-moviles-blackview","8":"product_cat-moviles-resistentes-rugerizados","9":"product_cat-ofertas","10":"product_tag-fort-5","12":"first","13":"instock","14":"sale","15":"shipping-taxable","16":"purchasable","17":"product-type-variable","18":"has-default-attributes"},"acf":[],"_links":{"self":[{"href":"https:\/\/blackviewphones.com\/de\/wp-json\/wp\/v2\/product\/12841","targetHints":{"allow":["GET"]}}],"collection":[{"href":"https:\/\/blackviewphones.com\/de\/wp-json\/wp\/v2\/product"}],"about":[{"href":"https:\/\/blackviewphones.com\/de\/wp-json\/wp\/v2\/types\/product"}],"replies":[{"embeddable":true,"href":"https:\/\/blackviewphones.com\/de\/wp-json\/wp\/v2\/comments?post=12841"}],"version-history":[{"count":2,"href":"https:\/\/blackviewphones.com\/de\/wp-json\/wp\/v2\/product\/12841\/revisions"}],"predecessor-version":[{"id":13900,"href":"https:\/\/blackviewphones.com\/de\/wp-json\/wp\/v2\/product\/12841\/revisions\/13900"}],"wp:featuredmedia":[{"embeddable":true,"href":"https:\/\/blackviewphones.com\/de\/wp-json\/wp\/v2\/media\/13627"}],"wp:attachment":[{"href":"https:\/\/blackviewphones.com\/de\/wp-json\/wp\/v2\/media?parent=12841"}],"wp:term":[{"taxonomy":"product_brand","embeddable":true,"href":"https:\/\/blackviewphones.com\/de\/wp-json\/wp\/v2\/product_brand?post=12841"},{"taxonomy":"product_cat","embeddable":true,"href":"https:\/\/blackviewphones.com\/de\/wp-json\/wp\/v2\/product_cat?post=12841"},{"taxonomy":"product_tag","embeddable":true,"href":"https:\/\/blackviewphones.com\/de\/wp-json\/wp\/v2\/product_tag?post=12841"}],"curies":[{"name":"wp","href":"https:\/\/api.w.org\/{rel}","templated":true}]}}