

{"id":12830,"date":"2026-03-25T15:14:41","date_gmt":"2026-03-25T14:14:41","guid":{"rendered":"https:\/\/blackviewphones.com\/?post_type=product&#038;p=12830"},"modified":"2026-05-11T10:35:00","modified_gmt":"2026-05-11T08:35:00","slug":"mini-pc-blackview-mp100-pro-mit-amd-ryzen-5-7430u","status":"publish","type":"product","link":"https:\/\/blackviewphones.com\/de\/product\/mini-pc-blackview-mp100-pro-amd-ryzen-5-7430u\/","title":{"rendered":"Blackview MP100 Pro Mini-PC \u2013 AMD Ryzen 5 (7430U)"},"content":{"rendered":"<h1>Blackview MP100 Pro Mini-PC \u2013 AMD Ryzen 5 (7430U)<\/h1>\n<h2>Die Leistung eines Desktop-PCs in der Gr\u00f6\u00dfe Ihrer Hand<\/h2>\n<p>Er <strong>Blackview MP100 Pro Mini-PC<\/strong> Es beweist, dass Sie keinen riesigen Turm ben\u00f6tigen, um einen leistungsstarken und vielseitigen Computer zu genie\u00dfen. Mit einem ultrakompakten, eleganten und leisen Design konzentriert dieser Mini-Computer alles, was Sie brauchen f\u00fcr <strong>arbeiten, studieren, Inhalte erstellen oder Ihre Freizeit genie\u00dfen<\/strong>. Erh\u00e4ltlich in zwei Versionen, mit <strong>16 GB RAM + 512 GB SSD<\/strong>, stehen Ihnen immer Leistungs- und Speicheroptionen zur Verf\u00fcgung, die Ihren Anforderungen entsprechen.<\/p>\n<p><em>Dieses Terminal wird mit Windows 11 PRO und einer lebenslangen OEM-Lizenz geliefert; diese Lizenz ist an die Hardware des Computers gebunden und kann nicht auf einen anderen Computer \u00fcbertragen werden.<\/em><\/p>","protected":false},"excerpt":{"rendered":"<p>Beeindruckende Leistung im kompakten Format: Das MP100 Blackview verf\u00fcgt \u00fcber einen Ryzen 5 Prozessor, bis zu 2 TB SSD-Speicher und 16 GB RAM! Zahlreiche Anschl\u00fcsse und Leistung f\u00fcr Arbeit, Unterhaltung und mehr.<\/p>\n<p><strong>Dieses Terminal wird mit Windows 11 PRO und einer lebenslangen OEM-Lizenz geliefert; diese Lizenz ist an die Hardware des Computers gebunden und kann nicht auf einen anderen Computer \u00fcbertragen werden.<\/strong><\/p>","protected":false},"featured_media":13607,"comment_status":"open","ping_status":"closed","template":"","meta":{"_acf_changed":false},"product_brand":[],"product_cat":[153,159,151,338],"product_tag":[],"class_list":{"0":"post-12830","1":"product","2":"type-product","3":"status-publish","4":"has-post-thumbnail","6":"product_cat-equipos-blackview-mini-pc","7":"product_cat-ofertas","8":"product_cat-equipos-blackview","9":"product_cat-productos","11":"first","12":"instock","13":"sale","14":"shipping-taxable","15":"purchasable","16":"product-type-variable","17":"has-default-attributes"},"acf":[],"_links":{"self":[{"href":"https:\/\/blackviewphones.com\/de\/wp-json\/wp\/v2\/product\/12830","targetHints":{"allow":["GET"]}}],"collection":[{"href":"https:\/\/blackviewphones.com\/de\/wp-json\/wp\/v2\/product"}],"about":[{"href":"https:\/\/blackviewphones.com\/de\/wp-json\/wp\/v2\/types\/product"}],"replies":[{"embeddable":true,"href":"https:\/\/blackviewphones.com\/de\/wp-json\/wp\/v2\/comments?post=12830"}],"version-history":[{"count":0,"href":"https:\/\/blackviewphones.com\/de\/wp-json\/wp\/v2\/product\/12830\/revisions"}],"wp:featuredmedia":[{"embeddable":true,"href":"https:\/\/blackviewphones.com\/de\/wp-json\/wp\/v2\/media\/13607"}],"wp:attachment":[{"href":"https:\/\/blackviewphones.com\/de\/wp-json\/wp\/v2\/media?parent=12830"}],"wp:term":[{"taxonomy":"product_brand","embeddable":true,"href":"https:\/\/blackviewphones.com\/de\/wp-json\/wp\/v2\/product_brand?post=12830"},{"taxonomy":"product_cat","embeddable":true,"href":"https:\/\/blackviewphones.com\/de\/wp-json\/wp\/v2\/product_cat?post=12830"},{"taxonomy":"product_tag","embeddable":true,"href":"https:\/\/blackviewphones.com\/de\/wp-json\/wp\/v2\/product_tag?post=12830"}],"curies":[{"name":"wp","href":"https:\/\/api.w.org\/{rel}","templated":true}]}}