

{"id":12820,"date":"2026-03-25T14:52:47","date_gmt":"2026-03-25T13:52:47","guid":{"rendered":"https:\/\/blackviewphones.com\/?post_type=product&#038;p=12820"},"modified":"2026-05-04T13:16:25","modified_gmt":"2026-05-04T11:16:25","slug":"blackview-nex60-mini-pc","status":"publish","type":"product","link":"https:\/\/blackviewphones.com\/de\/product\/blackview-nex60-minipc\/","title":{"rendered":"Blackview NEX60 \u2013 Mini-PC"},"content":{"rendered":"<h1>Blackview NEX60 \u2013 Mini-PC<\/h1>\n<p data-start=\"97\" data-end=\"365\">Er <strong data-start=\"100\" data-end=\"119\">Blackview NEX60<\/strong> es ist ein <strong data-start=\"126\" data-end=\"156\">kompakter und leistungsstarker Mini-PC<\/strong>, Ideal f\u00fcr Arbeit, Multimedia und den t\u00e4glichen Gebrauch. Ausgestattet mit <strong data-start=\"219\" data-end=\"244\">Intel Core Prozessor<\/strong>, <strong data-start=\"246\" data-end=\"272\">16 GB erweiterbarer Arbeitsspeicher<\/strong> und die <strong data-start=\"275\" data-end=\"291\">512 GB SSD<\/strong>, Es bietet eine schnelle, reibungslose und effiziente Leistung f\u00fcr alle Arten von Aufgaben.<\/p>\n<p data-start=\"367\" data-end=\"587\">Sein <strong data-start=\"370\" data-end=\"389\">kompaktes Design<\/strong> Es erm\u00f6glicht Ihnen, Platz zu sparen, ohne auf Leistung zu verzichten, w\u00e4hrend es <strong data-start=\"456\" data-end=\"485\">4K-UHD-Kompatibilit\u00e4t<\/strong> und die <strong data-start=\"488\" data-end=\"506\">Windows 11 Pro<\/strong> Dadurch eignet es sich vielseitig sowohl f\u00fcr Zuhause als auch f\u00fcrs B\u00fcro.<\/p>\n<p data-start=\"367\" data-end=\"587\"><em>Dieses Terminal wird mit Windows 11 Pro und einer lebenslangen OEM-Lizenz geliefert; diese Lizenz ist an die Hardware des Computers gebunden und kann nicht auf einen anderen Computer \u00fcbertragen werden.\u00a0\u00a0<\/em><\/p>","protected":false},"excerpt":{"rendered":"<p data-start=\"665\" data-end=\"884\">Leistung und Effizienz in kompakter Form. <strong data-start=\"711\" data-end=\"730\">Blackview NEX60<\/strong> integriert <strong data-start=\"739\" data-end=\"764\">Intel Core Prozessor<\/strong>, <strong data-start=\"766\" data-end=\"792\">16 GB erweiterbarer Arbeitsspeicher<\/strong> und die <strong data-start=\"795\" data-end=\"808\">SSD mit 512 GB<\/strong>, bietet Geschwindigkeit und fl\u00fcssige Bedienung f\u00fcr Arbeit, Unterhaltung und den t\u00e4glichen Gebrauch.<\/p>\n<p data-start=\"886\" data-end=\"1069\">Dank Ihrer <strong data-start=\"899\" data-end=\"918\">kompaktes Design<\/strong>, Es optimiert den Platz auf jedem Schreibtisch und mit <strong data-start=\"971\" data-end=\"989\">4K UHD-Unterst\u00fctzung<\/strong> und die <strong data-start=\"992\" data-end=\"1010\">Windows 11 Pro<\/strong>, Es ist eine umfassende und vielseitige L\u00f6sung f\u00fcr B\u00fcro oder Zuhause.<\/p>\n<p data-start=\"886\" data-end=\"1069\"><strong>Dieses Terminal wird mit Windows 11 Pro und einer lebenslangen OEM-Lizenz geliefert; diese Lizenz ist an die Hardware des Computers gebunden und kann nicht auf einen anderen Computer \u00fcbertragen werden.\u00a0\u00a0<\/strong><\/p>","protected":false},"featured_media":13817,"comment_status":"open","ping_status":"closed","template":"","meta":{"_acf_changed":false},"product_brand":[287],"product_cat":[153,159,151,338],"product_tag":[],"class_list":{"0":"post-12820","1":"product","2":"type-product","3":"status-publish","4":"has-post-thumbnail","6":"product_brand-blackview","7":"product_cat-equipos-blackview-mini-pc","8":"product_cat-ofertas","9":"product_cat-equipos-blackview","10":"product_cat-productos","12":"first","13":"instock","14":"sale","15":"shipping-taxable","16":"purchasable","17":"product-type-variable","18":"has-default-attributes"},"acf":[],"_links":{"self":[{"href":"https:\/\/blackviewphones.com\/de\/wp-json\/wp\/v2\/product\/12820","targetHints":{"allow":["GET"]}}],"collection":[{"href":"https:\/\/blackviewphones.com\/de\/wp-json\/wp\/v2\/product"}],"about":[{"href":"https:\/\/blackviewphones.com\/de\/wp-json\/wp\/v2\/types\/product"}],"replies":[{"embeddable":true,"href":"https:\/\/blackviewphones.com\/de\/wp-json\/wp\/v2\/comments?post=12820"}],"version-history":[{"count":0,"href":"https:\/\/blackviewphones.com\/de\/wp-json\/wp\/v2\/product\/12820\/revisions"}],"wp:featuredmedia":[{"embeddable":true,"href":"https:\/\/blackviewphones.com\/de\/wp-json\/wp\/v2\/media\/13817"}],"wp:attachment":[{"href":"https:\/\/blackviewphones.com\/de\/wp-json\/wp\/v2\/media?parent=12820"}],"wp:term":[{"taxonomy":"product_brand","embeddable":true,"href":"https:\/\/blackviewphones.com\/de\/wp-json\/wp\/v2\/product_brand?post=12820"},{"taxonomy":"product_cat","embeddable":true,"href":"https:\/\/blackviewphones.com\/de\/wp-json\/wp\/v2\/product_cat?post=12820"},{"taxonomy":"product_tag","embeddable":true,"href":"https:\/\/blackviewphones.com\/de\/wp-json\/wp\/v2\/product_tag?post=12820"}],"curies":[{"name":"wp","href":"https:\/\/api.w.org\/{rel}","templated":true}]}}