

{"id":12801,"date":"2026-03-25T13:37:22","date_gmt":"2026-03-25T12:37:22","guid":{"rendered":"https:\/\/blackviewphones.com\/?post_type=product&#038;p=12801"},"modified":"2026-05-06T15:35:10","modified_gmt":"2026-05-06T13:35:10","slug":"blackview-dual-screen-dcm8-grose-153","status":"publish","type":"product","link":"https:\/\/blackviewphones.com\/de\/product\/blackview-pantalla-doble-dcm8-tamano-153\/","title":{"rendered":"Blackview DCM8 Dual-Laptop-Bildschirm: 15,3\u2033 Gr\u00f6\u00dfe"},"content":{"rendered":"<h1>Blackview DCM8 Dual-Laptop-Bildschirm: 15,3\u2033 Gr\u00f6\u00dfe<\/h1>\n<p data-start=\"2472\" data-end=\"2758\">Sind Sie es leid, st\u00e4ndig zwischen Tabs oder Fenstern auf einem kleinen Bildschirm hin und her zu wechseln? DCM8 verdreifacht Ihre Ansicht: Sie k\u00f6nnen nahtlos Multitasking betreiben.<\/p>\n<p data-start=\"2760\" data-end=\"3081\">Mit zwei 15,3-Zoll-Laptop-Bildschirmen, die jeweils eine Aufl\u00f6sung von 1920 x 1200 Pixeln und eine Helligkeit von 300 Nits bieten, werden alle Details gestochen scharf, fl\u00fcssig und brillant dargestellt. Ob Sie arbeiten oder Filme und Spiele genie\u00dfen \u2013 das Dual-Screen-Setup bietet doppelte Effizienz und ein noch intensiveres Seherlebnis.<\/p>\n<p><strong>100% sRGB-Farbgenauigkeit: Intensive Farben f\u00fcr pr\u00e4zise Bilder<\/strong><\/p>\n<p>Erleben Sie lebensechte Farben dank 100%iger sRGB-Farbraumabdeckung (%). Jeder Farbton, jede Nuance und jeder Farbverlauf wird originalgetreu wiedergegeben \u2013 f\u00fcr un\u00fcbertroffene Farbgenauigkeit. Ideal f\u00fcr Profis: Designer, Fotografen und Kreative, die pixelgenaue Pr\u00e4zision erwarten.<\/p>\n<p><strong>Elegantes Design f\u00fcr kreative Freiheit<\/strong><\/p>\n<p>Erleben Sie die Zukunft der Mobilit\u00e4t mit dem DCM8. Mit nur 4,6 mm Dicke und einem Gewicht von lediglich 1,2 kg definiert er Leichtigkeit und Komfort neu. Verstauen Sie ihn m\u00fchelos in Ihrer Tasche, nehmen Sie ihn \u00fcberallhin mit und genie\u00dfen Sie ein makelloses, kompromissloses Gro\u00dfbild-Erlebnis.<\/p>\n<p><strong>Universelle USB-C-Anschl\u00fcsse: Einfache Einrichtung f\u00fcr jeden Laptop<\/strong><\/p>\n<p>Dank der universellen USB-C-Anschl\u00fcsse ist die Einrichtung so einfach wie nie zuvor. Keine Treiber oder zus\u00e4tzliche Software erforderlich \u2013 einfach anschlie\u00dfen und loslegen. Ob f\u00fcr Arbeit, Studium oder Unterhaltung: Genie\u00dfen Sie sofortige Konnektivit\u00e4t und reibungslose Leistung auf jedem Laptop.<\/p>\n<p><strong>*F\u00fcr den Betrieb mit Netzstecker wird ein Netzteil mit mindestens 65 W empfohlen.<\/strong><\/p>","protected":false},"excerpt":{"rendered":"<p>Er <strong data-start=\"1955\" data-end=\"1973\">Blackview DCM8<\/strong>\u00a0Verwandeln Sie Ihren Laptop in eine vollwertige Multitasking-Workstation, egal wo Sie sind. Mit <strong data-start=\"2054\" data-end=\"2090\">zwei 15,3\u2033 Full HD IPS-Displays<\/strong> mit <strong data-start=\"2095\" data-end=\"2117\">300 Nits Helligkeit<\/strong> Das 16:9-Seitenverh\u00e4ltnis bietet einen erweiterten Anzeigebereich, ideal f\u00fcr die Arbeit mit mehreren Fenstern, die Dokumentenbearbeitung, die Programmierung oder den Konsum von Multimedia-Inhalten. Das faltbare Design ist schlank (ca. 4,5 mm Profil) und kaum sp\u00fcrbar. <strong data-start=\"2333\" data-end=\"2341\">1 kg<\/strong> Dadurch ist es extrem portabel und ideal f\u00fcr mobile Arbeiter, Studenten oder Kreative.<\/p>\n<p><strong>*Abbildung dient als Referenz: Bildschirme mit St\u00e4nder, Laptop und andere Ger\u00e4te sind nicht enthalten.<\/strong><\/p>","protected":false},"featured_media":13368,"comment_status":"open","ping_status":"closed","template":"","meta":{"_acf_changed":false},"product_brand":[],"product_cat":[349],"product_tag":[],"class_list":{"0":"post-12801","1":"product","2":"type-product","3":"status-publish","4":"has-post-thumbnail","6":"product_cat-sin-categoria","8":"first","9":"outofstock","10":"sale","11":"shipping-taxable","12":"purchasable","13":"product-type-variable","14":"has-default-attributes"},"acf":[],"_links":{"self":[{"href":"https:\/\/blackviewphones.com\/de\/wp-json\/wp\/v2\/product\/12801","targetHints":{"allow":["GET"]}}],"collection":[{"href":"https:\/\/blackviewphones.com\/de\/wp-json\/wp\/v2\/product"}],"about":[{"href":"https:\/\/blackviewphones.com\/de\/wp-json\/wp\/v2\/types\/product"}],"replies":[{"embeddable":true,"href":"https:\/\/blackviewphones.com\/de\/wp-json\/wp\/v2\/comments?post=12801"}],"version-history":[{"count":0,"href":"https:\/\/blackviewphones.com\/de\/wp-json\/wp\/v2\/product\/12801\/revisions"}],"wp:featuredmedia":[{"embeddable":true,"href":"https:\/\/blackviewphones.com\/de\/wp-json\/wp\/v2\/media\/13368"}],"wp:attachment":[{"href":"https:\/\/blackviewphones.com\/de\/wp-json\/wp\/v2\/media?parent=12801"}],"wp:term":[{"taxonomy":"product_brand","embeddable":true,"href":"https:\/\/blackviewphones.com\/de\/wp-json\/wp\/v2\/product_brand?post=12801"},{"taxonomy":"product_cat","embeddable":true,"href":"https:\/\/blackviewphones.com\/de\/wp-json\/wp\/v2\/product_cat?post=12801"},{"taxonomy":"product_tag","embeddable":true,"href":"https:\/\/blackviewphones.com\/de\/wp-json\/wp\/v2\/product_tag?post=12801"}],"curies":[{"name":"wp","href":"https:\/\/api.w.org\/{rel}","templated":true}]}}