

{"id":12790,"date":"2026-03-25T12:58:52","date_gmt":"2026-03-25T11:58:52","guid":{"rendered":"https:\/\/blackviewphones.com\/?post_type=product&#038;p=12790"},"modified":"2026-05-06T09:40:59","modified_gmt":"2026-05-06T07:40:59","slug":"blackview-mp100-pro-mini-pc-i5-12450h","status":"publish","type":"product","link":"https:\/\/blackviewphones.com\/de\/product\/blackview-mp100-pro-mini-pc-i5-12450h\/","title":{"rendered":"Blackview MP100 Pro Mini-PC (i5-12450H) 4,4 GHz 45 W 16 GB RAM 512 GB SSD"},"content":{"rendered":"<h1>Blackview MP100 Pro Mini-PC (i5-12450H) 4,4 GHz 45 W 16 GB RAM 512 GB SSD<\/h1>\n<h2 data-path-to-node=\"8\"><b data-path-to-node=\"8\" data-index-in-node=\"0\">Intel i5-12450H Mini-PC: Hohe Leistung f\u00fcr Ihren Desktop<\/b><\/h2>\n<p data-path-to-node=\"9\">Wenn Sie die Leistung eines herk\u00f6mmlichen Desktop-Computers suchen, aber nicht die Gr\u00f6\u00dfe eines riesigen Tower-Computers, ist dieser Mini-PC Ihr idealer Partner. Dank seines Hochleistungsprozessors <b data-path-to-node=\"9\" data-index-in-node=\"187\">Intel\u00ae Core\u2122 i5-12450H (H-Serie)<\/b>, Mit 8 Kernen und 12 Threads k\u00f6nnen Sie rechenintensive Workflows, Management-Software und Designanwendungen fl\u00fcssig ausf\u00fchren.<\/p>\n<p data-path-to-node=\"10\"><b data-path-to-node=\"10\" data-index-in-node=\"0\">Elite Speicher- und Arbeitsspeichergeschwindigkeit<\/b> Verschwende keine Zeit mit Warten. Mit deinem <b data-path-to-node=\"10\" data-index-in-node=\"83\">512 GB M.2 SSD mit PCIe 4.0-Technologie<\/b>, Daten\u00fcbertragung und Systemstart erfolgen unglaublich schnell. <b data-path-to-node=\"10\" data-index-in-node=\"210\">16 GB DDR4-RAM<\/b> Sie erm\u00f6glichen intensives Multitasking ohne Verz\u00f6gerungen, und falls Sie mehr ben\u00f6tigen, k\u00f6nnen Sie es problemlos erweitern. <b data-path-to-node=\"10\" data-index-in-node=\"333\">64 GB<\/b>.<\/p>\n<p data-path-to-node=\"11\"><b data-path-to-node=\"11\" data-index-in-node=\"0\">Konnektivit\u00e4t der n\u00e4chsten Generation und Triple-Video<\/b> Maximieren Sie Ihren Arbeitsbereich durch die Anbindung an bis zu <b data-path-to-node=\"11\" data-index-in-node=\"94\">drei Monitore gleichzeitig mit 4K-Aufl\u00f6sung bei 60 Hz<\/b> durch seine HDMI 2.0-, DisplayPort 1.4- und vielseitigen USB-C-Anschl\u00fcsse an der Vorderseite. Dar\u00fcber hinaus die Integration von <b data-path-to-node=\"11\" data-index-in-node=\"256\">WLAN 6<\/b> Bluetooth gew\u00e4hrleistet eine stabile und schnelle drahtlose Verbindung, w\u00e4hrend die sechs USB-Anschl\u00fcsse den uneingeschr\u00e4nkten Anschluss all Ihrer Peripherieger\u00e4te erm\u00f6glichen. Die gesamte Steuerung erfolgt \u00fcber das Betriebssystem. <b data-path-to-node=\"11\" data-index-in-node=\"462\">Windows 11 Pro<\/b>, Bereit, vom ersten Moment an in professionellen Umgebungen zu arbeiten.<\/p>\n<p><em>Dieses Terminal wird mit Windows 11 Pro und einer lebenslangen OEM-Lizenz geliefert; diese Lizenz ist an die Hardware des Computers gebunden und kann nicht auf einen anderen Computer \u00fcbertragen werden.<\/em><\/p>","protected":false},"excerpt":{"rendered":"<p><b data-path-to-node=\"6\" data-index-in-node=\"0\">Professionelle Spitzenleistung im Mini-Format.<\/b> Ausgestattet mit dem Prozessor <b data-path-to-node=\"6\" data-index-in-node=\"79\">Intel Core i5-12450H<\/b> 8-Kern und <b data-path-to-node=\"6\" data-index-in-node=\"115\">16 GB RAM<\/b>, Dieser Mini-PC wurde f\u00fcr anspruchsvolle Benutzer entwickelt, die Geschwindigkeit f\u00fcr Multitasking, Bildbearbeitung und fortgeschrittene B\u00fcroaufgaben ben\u00f6tigen. <b data-path-to-node=\"6\" data-index-in-node=\"250\">PCIe 4.0 SSD<\/b>, Mit Wi-Fi 6 und Unterst\u00fctzung f\u00fcr drei 4K-Displays bietet es die perfekte Balance zwischen hoher Leistung und platzsparender L\u00f6sung.<\/p>\n<p><strong>Dieses Terminal wird mit Windows 11 Pro und einer lebenslangen OEM-Lizenz geliefert; diese Lizenz ist an die Hardware des Computers gebunden und kann nicht auf einen anderen Computer \u00fcbertragen werden.<\/strong><\/p>","protected":false},"featured_media":13390,"comment_status":"open","ping_status":"closed","template":"","meta":{"_acf_changed":false},"product_brand":[],"product_cat":[153,159,151,332,338],"product_tag":[],"class_list":{"0":"post-12790","1":"product","2":"type-product","3":"status-publish","4":"has-post-thumbnail","6":"product_cat-equipos-blackview-mini-pc","7":"product_cat-ofertas","8":"product_cat-equipos-blackview","9":"product_cat-reservar-moviles-blackview","10":"product_cat-productos","12":"first","13":"instock","14":"sale","15":"shipping-taxable","16":"purchasable","17":"product-type-variable","18":"has-default-attributes"},"acf":[],"_links":{"self":[{"href":"https:\/\/blackviewphones.com\/de\/wp-json\/wp\/v2\/product\/12790","targetHints":{"allow":["GET"]}}],"collection":[{"href":"https:\/\/blackviewphones.com\/de\/wp-json\/wp\/v2\/product"}],"about":[{"href":"https:\/\/blackviewphones.com\/de\/wp-json\/wp\/v2\/types\/product"}],"replies":[{"embeddable":true,"href":"https:\/\/blackviewphones.com\/de\/wp-json\/wp\/v2\/comments?post=12790"}],"version-history":[{"count":0,"href":"https:\/\/blackviewphones.com\/de\/wp-json\/wp\/v2\/product\/12790\/revisions"}],"wp:featuredmedia":[{"embeddable":true,"href":"https:\/\/blackviewphones.com\/de\/wp-json\/wp\/v2\/media\/13390"}],"wp:attachment":[{"href":"https:\/\/blackviewphones.com\/de\/wp-json\/wp\/v2\/media?parent=12790"}],"wp:term":[{"taxonomy":"product_brand","embeddable":true,"href":"https:\/\/blackviewphones.com\/de\/wp-json\/wp\/v2\/product_brand?post=12790"},{"taxonomy":"product_cat","embeddable":true,"href":"https:\/\/blackviewphones.com\/de\/wp-json\/wp\/v2\/product_cat?post=12790"},{"taxonomy":"product_tag","embeddable":true,"href":"https:\/\/blackviewphones.com\/de\/wp-json\/wp\/v2\/product_tag?post=12790"}],"curies":[{"name":"wp","href":"https:\/\/api.w.org\/{rel}","templated":true}]}}