

{"id":12777,"date":"2026-03-25T12:47:50","date_gmt":"2026-03-25T11:47:50","guid":{"rendered":"https:\/\/blackviewphones.com\/?post_type=product&#038;p=12777"},"modified":"2026-05-04T10:56:36","modified_gmt":"2026-05-04T08:56:36","slug":"blackview-mp100-pro-mini-pc-i3-1215u","status":"publish","type":"product","link":"https:\/\/blackviewphones.com\/de\/product\/blackview-mp100-pro-mini-pc-i3-1215u\/","title":{"rendered":"Blackview MP100 Pro Mini-PC (i3-1215U) 4,4 GHz 28 W 16 GB RAM 512 GB SSD"},"content":{"rendered":"<h1>Blackview MP100 Pro Mini-PC (i3-1215U) 4,4 GHz 28 W 16 GB RAM 512 GB SSD<\/h1>\n<p data-path-to-node=\"8\"><b data-path-to-node=\"8\" data-index-in-node=\"0\">Hochleistungs-Mini-PC: Das Gehirn Ihres Desktop-PCs im Miniaturformat<\/b><\/p>\n<p data-path-to-node=\"9\">Steigern Sie Ihre Produktivit\u00e4t mit diesem Mini-PC der n\u00e4chsten Generation. Dank seines Prozessors <b data-path-to-node=\"9\" data-index-in-node=\"105\">Intel\u00ae Core\u2122 i3-1215U (Alder Lake)<\/b> Mit seinem 6-Kern-Prozessor bew\u00e4ltigt dieser Computer komplexe Aufgaben, intensives Surfen und B\u00fcroanwendungen \u00fcberraschend fl\u00fcssig. Er ist ausgestattet mit <b data-path-to-node=\"9\" data-index-in-node=\"289\">16 GB DDR4-Speicher<\/b> (erweiterbar auf bis zu 64 GB) und Speicher <b data-path-to-node=\"9\" data-index-in-node=\"353\">512 GB M.2 NVMe PCIe 4.0 SSD<\/b>, Dies gew\u00e4hrleistet nahezu sofortige Startzeiten und ultraschnelle Datei\u00fcbertragung.<\/p>\n<p data-path-to-node=\"10\"><b data-path-to-node=\"10\" data-index-in-node=\"0\">Un\u00fcbertroffene Konnektivit\u00e4t und Dreifach-Bildschirm<\/b> Trotz seiner geringen Gr\u00f6\u00dfe (nur 14,7 cm Kantenl\u00e4nge) bietet es professionelle Vielseitigkeit. Dank seiner Anschl\u00fcsse <b data-path-to-node=\"10\" data-index-in-node=\"154\">HDMI 2.0, DisplayPort 1.4 und ein vollwertiger USB-C-Anschluss<\/b>, Sie k\u00f6nnen bis zu folgende Verbindungen herstellen: <b data-path-to-node=\"10\" data-index-in-node=\"225\">drei Monitore gleichzeitig mit 4K-Aufl\u00f6sung bei 60 Hz<\/b>, Ideal f\u00fcr Trading, Design oder fortgeschrittenes Multitasking.<\/p>\n<p data-path-to-node=\"11\"><b data-path-to-node=\"11\" data-index-in-node=\"0\">Spitzentechnologie<\/b> Dank des Standards bleiben Sie mit maximaler Geschwindigkeit verbunden. <b data-path-to-node=\"11\" data-index-in-node=\"96\">WLAN 6<\/b> und seinem Gigabit-Ethernet-Anschluss. <b data-path-to-node=\"11\" data-index-in-node=\"142\">Windows 11 Pro<\/b> Es ist mit allen notwendigen Sicherheits- und Verwaltungstools f\u00fcr den Gesch\u00e4ftsalltag vorinstalliert. Sein graues Geh\u00e4use ist nicht nur elegant und minimalistisch, sondern ben\u00f6tigt auch nur wenig Platz auf dem Schreibtisch und sorgt so f\u00fcr ein aufger\u00e4umtes und effizientes Arbeitsumfeld.<\/p>\n<p data-start=\"1783\" data-end=\"1855\"><strong data-start=\"1791\" data-end=\"1855\">Windows 11 Pro: <\/strong>Mit vorinstalliertem Windows 11 Pro bietet Ihnen das MP100 Pro Zugriff auf professionelle Funktionen, verbesserte Sicherheit und ein reibungsloses, modernes Benutzererlebnis \u2013 ideal f\u00fcr intensive Arbeit und Unterhaltung.<\/p>","protected":false},"excerpt":{"rendered":"<h3><b data-path-to-node=\"6\" data-index-in-node=\"0\">Intel-Leistung der 12. Generation in ultrakompakter Form.<\/b><\/h3>\n<p>Dieser Mini-PC ist mit folgendem Prozessor ausgestattet: <b data-path-to-node=\"6\" data-index-in-node=\"100\">Intel Core i3-1215U<\/b>, <b data-path-to-node=\"6\" data-index-in-node=\"121\">16 GB RAM<\/b> und ein sehr schneller <b data-path-to-node=\"6\" data-index-in-node=\"149\">512 GB Gen4 SSD<\/b>, Es ist die perfekte L\u00f6sung f\u00fcr moderne B\u00fcros und Heimkinoanlagen. Mit Unterst\u00fctzung f\u00fcr bis zu <b data-path-to-node=\"6\" data-index-in-node=\"265\">3 4K-Monitore<\/b>, Mit Wi-Fi 6 und Windows 11 Pro erhalten Sie die Leistung eines professionellen Tower-PCs bei einem Gewicht von unter 500 Gramm.<\/p>","protected":false},"featured_media":13382,"comment_status":"open","ping_status":"closed","template":"","meta":{"_acf_changed":false},"product_brand":[287],"product_cat":[153,159,151,332,338],"product_tag":[],"class_list":{"0":"post-12777","1":"product","2":"type-product","3":"status-publish","4":"has-post-thumbnail","6":"product_brand-blackview","7":"product_cat-equipos-blackview-mini-pc","8":"product_cat-ofertas","9":"product_cat-equipos-blackview","10":"product_cat-reservar-moviles-blackview","11":"product_cat-productos","13":"first","14":"instock","15":"sale","16":"shipping-taxable","17":"purchasable","18":"product-type-variable","19":"has-default-attributes"},"acf":[],"_links":{"self":[{"href":"https:\/\/blackviewphones.com\/de\/wp-json\/wp\/v2\/product\/12777","targetHints":{"allow":["GET"]}}],"collection":[{"href":"https:\/\/blackviewphones.com\/de\/wp-json\/wp\/v2\/product"}],"about":[{"href":"https:\/\/blackviewphones.com\/de\/wp-json\/wp\/v2\/types\/product"}],"replies":[{"embeddable":true,"href":"https:\/\/blackviewphones.com\/de\/wp-json\/wp\/v2\/comments?post=12777"}],"version-history":[{"count":0,"href":"https:\/\/blackviewphones.com\/de\/wp-json\/wp\/v2\/product\/12777\/revisions"}],"wp:featuredmedia":[{"embeddable":true,"href":"https:\/\/blackviewphones.com\/de\/wp-json\/wp\/v2\/media\/13382"}],"wp:attachment":[{"href":"https:\/\/blackviewphones.com\/de\/wp-json\/wp\/v2\/media?parent=12777"}],"wp:term":[{"taxonomy":"product_brand","embeddable":true,"href":"https:\/\/blackviewphones.com\/de\/wp-json\/wp\/v2\/product_brand?post=12777"},{"taxonomy":"product_cat","embeddable":true,"href":"https:\/\/blackviewphones.com\/de\/wp-json\/wp\/v2\/product_cat?post=12777"},{"taxonomy":"product_tag","embeddable":true,"href":"https:\/\/blackviewphones.com\/de\/wp-json\/wp\/v2\/product_tag?post=12777"}],"curies":[{"name":"wp","href":"https:\/\/api.w.org\/{rel}","templated":true}]}}