

{"id":12673,"date":"2026-03-24T12:17:35","date_gmt":"2026-03-24T11:17:35","guid":{"rendered":"https:\/\/blackviewphones.com\/?post_type=product&#038;p=12673"},"modified":"2026-05-11T10:35:04","modified_gmt":"2026-05-11T08:35:04","slug":"blackview-rugged-case-fur-fort100-2","status":"publish","type":"product","link":"https:\/\/blackviewphones.com\/de\/product\/blackview-rugged-funda-para-fort100\/","title":{"rendered":"Blackview Rugged Case f\u00fcr Fort100"},"content":{"rendered":"<h1 data-spm-anchor-id=\"a2g0o.detail.1000016.i4.6bb25b43f3exZP\">Blackview Rugged Case f\u00fcr Fort 100<\/h1>\n<p data-spm-anchor-id=\"a2g0o.detail.1000016.i4.6bb25b43f3exZP\">Sch\u00fctzen Sie Ihr Smartphone mit der originalen Blackview-H\u00fclle f\u00fcr das FORT100. Sie bietet h\u00f6chste Strapazierf\u00e4higkeit, sicheren Halt und Schutz vor St\u00f6\u00dfen und Kratzern. Gefertigt aus robusten Materialien, passt sie perfekt zum Ger\u00e4t und beeintr\u00e4chtigt die t\u00e4gliche Nutzung nicht. Entdecken Sie die Blackview Rugged Case f\u00fcr das robuste Smartphone Fort 100. Der integrierte Ring dient gleichzeitig als St\u00e4nder oder Tischhalterung und bietet so zus\u00e4tzlichen Komfort beim Ansehen von Videos oder anderen Aktivit\u00e4ten.<\/p>\n<p><strong>Maximaler Schutz f\u00fcr Ihr FORT 100<\/strong><\/p>\n<p>Diese speziell f\u00fcr das robuste FORT100-Smartphone entwickelte Pr\u00e4zisionsh\u00fclle setzt neue Ma\u00dfst\u00e4be in Sachen Langlebigkeit. Wenn maximaler Schutz entscheidend ist, sollten Sie sich nur mit einer exklusiv f\u00fcr Ihr Ger\u00e4t entwickelten H\u00fclle zufriedengeben.<\/p>\n<p><strong>Entwickelt f\u00fcr das FORT 100<\/strong><\/p>\n<p>Dies ist keine universelle H\u00fclle, die lediglich angepasst wurde; sie wurde speziell f\u00fcr das FORT100 entwickelt. Ihre perfekte, pr\u00e4zise Passform umschlie\u00dft Ihr Smartphone mit einer zus\u00e4tzlichen Schutzschicht, ohne unn\u00f6tig aufzutragen, und bietet Ihnen so optimalen Schutz vor St\u00fcrzen und St\u00f6\u00dfen genau dort, wo Sie ihn ben\u00f6tigen.<\/p>\n<h2>Hauptmerkmale des Blackview FORT100 Geh\u00e4uses:<\/h2>\n<ul>\n<li>Passgenauigkeit garantiert: Exklusiv f\u00fcr die Abmessungen des FORT100 entwickelt, mit pr\u00e4zisen Aussparungen f\u00fcr alle Anschl\u00fcsse und Tasten.<\/li>\n<li>Mehr Langlebigkeit: Verleihen Sie Ihrem ohnehin schon robusten Smartphone mit einer zus\u00e4tzlichen Schutzschicht maximale Sicherheit.<\/li>\n<li>Integrierter Ringhalter: Der integrierte Ringhalter bietet einen sicheren Halt und erm\u00f6glicht freih\u00e4ndiges Betrachten aus verschiedenen Winkeln.<\/li>\n<li>Steife Konstruktion: Bleibt fest an seinem Platz, ohne w\u00e4hrend des Gebrauchs zu verrutschen oder sich zu verschieben.<\/li>\n<li>Passende Farboptionen: Erh\u00e4ltlich in Schwarz und Mondwei\u00df, um perfekt zu Ihrem FORT100 zu passen.<\/li>\n<li>Funktionalit\u00e4t vollst\u00e4ndig erhalten: Voller Zugriff auf alle Funktionen, Kameras und Anschl\u00fcsse, ohne dass die H\u00fclle entfernt werden muss.<\/li>\n<li>F\u00fcr Ihren Lebensstil entwickelt<\/li>\n<li>Ob auf der Baustelle, in der Natur oder einfach nur, um Ihr Ger\u00e4t optimal zu sch\u00fctzen \u2013 diese H\u00fclle bietet den perfekten Schutz. Der integrierte Ringhalter sorgt f\u00fcr sicheren Halt bei einh\u00e4ndiger Bedienung und dient gleichzeitig als praktischer St\u00e4nder zum Ansehen von Videos oder f\u00fcr Videoanrufe. Genie\u00dfen Sie die Gewissheit, dass Ihr FORT100 durch eine ma\u00dfgeschneiderte H\u00fclle optimal gesch\u00fctzt ist.<\/li>\n<li>Erh\u00e4ltlich in zwei hochwertigen Ausf\u00fchrungen: klassisches Schwarz oder elegantes Mondwei\u00df. W\u00e4hlen Sie die Farbe, die am besten zu Ihrem FORT100 passt.<\/li>\n<\/ul>\n<p>\u00a0<\/p>","protected":false},"excerpt":{"rendered":"<p>Sch\u00fctzen Sie Ihr Smartphone mit einer H\u00fclle <strong>Original<\/strong> Die robuste Blackview Schutzh\u00fclle f\u00fcr das FORT100 bietet h\u00f6chste Langlebigkeit, sicheren Halt und Schutz vor St\u00f6\u00dfen und Kratzern. Gefertigt aus widerstandsf\u00e4higen Materialien, passt sie perfekt zum Ger\u00e4t und beeintr\u00e4chtigt die allt\u00e4gliche Nutzung nicht. Entdecken Sie die Blackview Schutzh\u00fclle f\u00fcr robuste Smartphones wie das Fort 100. Sie verf\u00fcgt \u00fcber einen Ring, der als St\u00e4nder oder Tischhalterung dient und so f\u00fcr zus\u00e4tzlichen Komfort beim Ansehen von Videos oder anderen Aktivit\u00e4ten sorgt.<\/p>","protected":false},"featured_media":12680,"comment_status":"open","ping_status":"closed","template":"","meta":{"_acf_changed":false},"product_brand":[],"product_cat":[154,330,159,338],"product_tag":[],"class_list":{"0":"post-12673","1":"product","2":"type-product","3":"status-publish","4":"has-post-thumbnail","6":"product_cat-accesorios-blackview","7":"product_cat-accesorios-blackview-accesorios-para-moviles","8":"product_cat-ofertas","9":"product_cat-productos","11":"first","12":"instock","13":"sale","14":"shipping-taxable","15":"purchasable","16":"product-type-variable","17":"has-default-attributes"},"acf":[],"_links":{"self":[{"href":"https:\/\/blackviewphones.com\/de\/wp-json\/wp\/v2\/product\/12673","targetHints":{"allow":["GET"]}}],"collection":[{"href":"https:\/\/blackviewphones.com\/de\/wp-json\/wp\/v2\/product"}],"about":[{"href":"https:\/\/blackviewphones.com\/de\/wp-json\/wp\/v2\/types\/product"}],"replies":[{"embeddable":true,"href":"https:\/\/blackviewphones.com\/de\/wp-json\/wp\/v2\/comments?post=12673"}],"version-history":[{"count":0,"href":"https:\/\/blackviewphones.com\/de\/wp-json\/wp\/v2\/product\/12673\/revisions"}],"wp:featuredmedia":[{"embeddable":true,"href":"https:\/\/blackviewphones.com\/de\/wp-json\/wp\/v2\/media\/12680"}],"wp:attachment":[{"href":"https:\/\/blackviewphones.com\/de\/wp-json\/wp\/v2\/media?parent=12673"}],"wp:term":[{"taxonomy":"product_brand","embeddable":true,"href":"https:\/\/blackviewphones.com\/de\/wp-json\/wp\/v2\/product_brand?post=12673"},{"taxonomy":"product_cat","embeddable":true,"href":"https:\/\/blackviewphones.com\/de\/wp-json\/wp\/v2\/product_cat?post=12673"},{"taxonomy":"product_tag","embeddable":true,"href":"https:\/\/blackviewphones.com\/de\/wp-json\/wp\/v2\/product_tag?post=12673"}],"curies":[{"name":"wp","href":"https:\/\/api.w.org\/{rel}","templated":true}]}}