

{"id":12212,"date":"2026-02-06T15:33:22","date_gmt":"2026-02-06T14:33:22","guid":{"rendered":"https:\/\/blackviewphones.com\/?post_type=product&#038;p=12212"},"modified":"2026-05-09T20:00:52","modified_gmt":"2026-05-09T18:00:52","slug":"blackview-z30-smartwatch-fur-kinder","status":"publish","type":"product","link":"https:\/\/blackviewphones.com\/de\/product\/blackview-z30-smartwatch-para-ninos\/","title":{"rendered":"Blackview Z30 \u2013 Smartwatch f\u00fcr Kinder"},"content":{"rendered":"<h1>Blackview Z30 \u2013 Smartwatch f\u00fcr Kinder<\/h1>\n<p data-start=\"256\" data-end=\"794\">Er <strong data-start=\"259\" data-end=\"276\">Blackview Z30<\/strong> Es handelt sich um eine Smartwatch, die f\u00fcr die Sicherheit und Kommunikation von Kindern entwickelt wurde und fortschrittliche Technologie, pr\u00e4zise Standortverfolgung und praktische Alltagsfunktionen vereint. Dank ihrer <strong data-start=\"460\" data-end=\"506\">Dreifache Positionierung (GPS + LBS + Wi-Fi)<\/strong> und seine <strong data-start=\"512\" data-end=\"540\">1,75-Zoll-Touchscreen\u201d<\/strong>, Kinder und Eltern k\u00f6nnen jederzeit per HD-Videoanruf, Sprachanruf und Nachrichten in Verbindung bleiben. Es beinhaltet au\u00dferdem Sicherheitsfunktionen wie \u2026 <strong data-start=\"712\" data-end=\"725\">SOS-Taste<\/strong>, <strong data-start=\"727\" data-end=\"758\">konfigurierbare Sicherheitszonen<\/strong> und die <strong data-start=\"761\" data-end=\"791\">Schulmodus \u201cNicht st\u00f6ren\u201d<\/strong>.<\/p>\n<ul data-start=\"796\" data-end=\"1495\">\n<li data-start=\"796\" data-end=\"918\">\n<p data-start=\"798\" data-end=\"918\"><strong data-start=\"798\" data-end=\"831\">Ultraweitwinkel-HD-Kamera:<\/strong> Halten Sie die sch\u00f6nsten Momente des Lebens aus jedem Blickwinkel und \u00fcberall fest.<\/p>\n<\/li>\n<li data-start=\"919\" data-end=\"1000\">\n<p data-start=\"921\" data-end=\"1000\"><strong data-start=\"921\" data-end=\"958\">Hochleistungs-LED-Taschenlampe:<\/strong> Gleichm\u00e4\u00dfiges Licht, ideal f\u00fcr die Verwendung in der Nacht.<\/p>\n<\/li>\n<li data-start=\"1001\" data-end=\"1152\">\n<p data-start=\"1003\" data-end=\"1152\"><strong data-start=\"1003\" data-end=\"1036\">SOS-Notruf mit einem Klick:<\/strong> Im Notfall setzt die Uhr automatisch einen SOS-Anruf ab und benachrichtigt Notfallkontakte.<\/p>\n<\/li>\n<li data-start=\"1153\" data-end=\"1276\">\n<p data-start=\"1155\" data-end=\"1276\"><strong data-start=\"1155\" data-end=\"1183\">Stabile 4G-Verbindung:<\/strong> Es erm\u00f6glicht Anrufe, Sprachchats und HD-Videoanrufe f\u00fcr eine klare und zuverl\u00e4ssige Kommunikation.<\/p>\n<\/li>\n<li data-start=\"1153\" data-end=\"1276\">\n<p data-start=\"1155\" data-end=\"1276\"><strong data-start=\"1279\" data-end=\"1329\">HD-Videoanrufe und Echtzeit-Sprachchat:<\/strong> Die Eltern k\u00f6nnen die Umgebung des Kindes klar \u00fcberblicken, sich von dessen Sicherheit \u00fcberzeugen und eine direkte und st\u00e4ndige Kommunikation aufrechterhalten, was die famili\u00e4ren Beziehungen st\u00e4rkt.<\/p>\n<div id=\"gtx-trans\" style=\"position: absolute; left: 677px; top: 1329.41px;\">\n<div class=\"gtx-trans-icon\"><\/div>\n<\/div>\n<p><em><strong>Anweisungen des Herstellers:<\/strong><\/em><\/p>\n<p>1. 1,75-Zoll-HD-Bildschirm, flexibles und benutzerfreundliches Design der integrierten Uhren-App, einfache Anzeige mit mehr Informationen auf einen Blick.<br \/>\n2. IP68-Wasserschutz, erf\u00fcllt die Anforderungen an den Wasserschutz im Alltag; Regen oder kurzes H\u00e4ndewaschen sind kein Problem, solange die Anschl\u00fcsse geschlossen sind.<br \/>\n3. Nutzer k\u00f6nnen es mit einem Tragegurt oder einer speziellen Silikonh\u00fclle transportieren. Neben der Erf\u00fcllung der unterschiedlichen Nutzungsbed\u00fcrfnisse von Kindern wurde bei Material und Verarbeitung des Tragegurts und der Schutzh\u00fclle auch auf die Sicherheit geachtet und sie sind f\u00fcr die empfindliche Kinderhaut geeignet.<br \/>\n4. Die f\u00fcr Kinder entwickelte App erm\u00f6glicht es Eltern, \u00fcber den integrierten elektronischen Zaun Aktivit\u00e4tsgrenzen festzulegen, den Standort des Kindes in Echtzeit zu verfolgen und so dessen Sicherheit jederzeit zu gew\u00e4hrleisten. Die Daten werden verschl\u00fcsselt, um die Privatsph\u00e4re der Nutzer zu sch\u00fctzen.<br \/>\n5. Eine helle, energiesparende wei\u00dfe LED-Taschenlampe, die per Software eingeschaltet werden kann, um den t\u00e4glichen Gebrauch oder Notf\u00e4lle im Freien zu erm\u00f6glichen; die Taschenlampenfunktion bietet Ihnen die notwendige Unterst\u00fctzung.<br \/>\n6. Pr\u00e4zise Dreifachpositionierung mit GPS, LBS und WLAN, um die Sicherheit der Kinder jederzeit zu gew\u00e4hrleisten.<br \/>\n7. Eltern legen den Aktivit\u00e4tsbereich \u00fcber den elektronischen Zaun der App fest. Verl\u00e4sst das Kind den festgelegten Bereich, erhalten die Eltern umgehend eine Warnung.<br \/>\n8. Sieben integrierte Spiele f\u00fcr Kinder, die speziell f\u00fcr Kinderuhren entwickelt wurden und in Kombination mit dem 1,75-Zoll-HD-Bildschirm fl\u00fcssiger und unterhaltsamer laufen.<br \/>\n9. Genauigkeit der LBS-Basisstationspositionierung: 100-1000 m; Genauigkeit der WiFi-Positionierung: 10-100 m.<\/li>\n<\/ul>","protected":false},"excerpt":{"rendered":"<h3>Smartwatch ideal f\u00fcr Kinder<\/h3>\n<p>\u2714Fotos aufnehmen<br \/>\n\u2714SOS-Notruftaste und 4G-Videoanruf<br \/>\n\u2714SOS-Hilfe mit einem Klick<br \/>\n\u2714LED-Taschenlampe<\/p>","protected":false},"featured_media":12215,"comment_status":"open","ping_status":"closed","template":"","meta":{"_acf_changed":false},"product_brand":[287],"product_cat":[159,339,90],"product_tag":[],"class_list":{"0":"post-12212","1":"product","2":"type-product","3":"status-publish","4":"has-post-thumbnail","6":"product_brand-blackview","7":"product_cat-ofertas","8":"product_cat-otros-productos","9":"product_cat-smartwatch","11":"first","12":"instock","13":"sale","14":"shipping-taxable","15":"purchasable","16":"product-type-variable","17":"has-default-attributes"},"acf":[],"_links":{"self":[{"href":"https:\/\/blackviewphones.com\/de\/wp-json\/wp\/v2\/product\/12212","targetHints":{"allow":["GET"]}}],"collection":[{"href":"https:\/\/blackviewphones.com\/de\/wp-json\/wp\/v2\/product"}],"about":[{"href":"https:\/\/blackviewphones.com\/de\/wp-json\/wp\/v2\/types\/product"}],"replies":[{"embeddable":true,"href":"https:\/\/blackviewphones.com\/de\/wp-json\/wp\/v2\/comments?post=12212"}],"version-history":[{"count":2,"href":"https:\/\/blackviewphones.com\/de\/wp-json\/wp\/v2\/product\/12212\/revisions"}],"predecessor-version":[{"id":13891,"href":"https:\/\/blackviewphones.com\/de\/wp-json\/wp\/v2\/product\/12212\/revisions\/13891"}],"wp:featuredmedia":[{"embeddable":true,"href":"https:\/\/blackviewphones.com\/de\/wp-json\/wp\/v2\/media\/12215"}],"wp:attachment":[{"href":"https:\/\/blackviewphones.com\/de\/wp-json\/wp\/v2\/media?parent=12212"}],"wp:term":[{"taxonomy":"product_brand","embeddable":true,"href":"https:\/\/blackviewphones.com\/de\/wp-json\/wp\/v2\/product_brand?post=12212"},{"taxonomy":"product_cat","embeddable":true,"href":"https:\/\/blackviewphones.com\/de\/wp-json\/wp\/v2\/product_cat?post=12212"},{"taxonomy":"product_tag","embeddable":true,"href":"https:\/\/blackviewphones.com\/de\/wp-json\/wp\/v2\/product_tag?post=12212"}],"curies":[{"name":"wp","href":"https:\/\/api.w.org\/{rel}","templated":true}]}}