

{"id":12193,"date":"2026-02-06T12:34:10","date_gmt":"2026-02-06T11:34:10","guid":{"rendered":"https:\/\/blackviewphones.com\/?post_type=product&#038;p=12193"},"modified":"2026-05-06T14:26:09","modified_gmt":"2026-05-06T12:26:09","slug":"blackview-tisch-10-tragbarer-bildschirm-238","status":"publish","type":"product","link":"https:\/\/blackviewphones.com\/de\/product\/blackview-table-10-pantalla-portatil-238\/","title":{"rendered":"Blackview Tisch 10 | 23,8\u2033 Tragbarer Bildschirm"},"content":{"rendered":"<h1 data-start=\"212\" data-end=\"639\">Blackview Tisch 10 | 23,8\u2033 Tragbarer Bildschirm<\/h1>\n<p data-start=\"212\" data-end=\"639\">Entwickelt f\u00fcr diejenigen, die brauchen <strong data-start=\"243\" data-end=\"304\">Mehr Arbeitsfl\u00e4che, h\u00f6herer Komfort und uneingeschr\u00e4nkte Mobilit\u00e4t<\/strong>, Die <strong data-start=\"309\" data-end=\"331\">Blackview TABELLE 10<\/strong> ist ein <strong data-start=\"339\" data-end=\"369\">23,8-Zoll-tragbarer Bildschirm\u201d<\/strong> Das verwandelt jeden Raum in Ihr B\u00fcro oder Ihr Unterhaltungszentrum. <strong data-start=\"447\" data-end=\"482\">weiter Betrachtungswinkel von 178\u00ba<\/strong> Dank seines leichten Designs bietet es ein komfortables und intensives visuelles Erlebnis, ideal zum Arbeiten, Lernen oder zum unkomplizierten Genuss von Multimedia-Inhalten.<\/p>\n<p data-start=\"641\" data-end=\"1070\">Sein Design <strong data-start=\"651\" data-end=\"673\">schlank und faltbar<\/strong> Es beinhaltet eine Schutzvorrichtung <strong data-start=\"708\" data-end=\"723\">nahe 0\u00b0<\/strong>, Es umschlie\u00dft den Bildschirm vollst\u00e4ndig und erleichtert dank des integrierten Griffs den Transport. Es verf\u00fcgt au\u00dferdem \u00fcber <strong data-start=\"836\" data-end=\"878\">stabile und verstellbare magnetische Befestigung<\/strong>, Erm\u00f6glicht eine stufenlose H\u00f6henverstellung f\u00fcr ergonomisches Betrachten. Kompatibel mit <strong data-start=\"975\" data-end=\"1003\">VESA 75 \u00d7 75 mm Halterungen<\/strong>, Es passt sich problemlos jeder professionellen oder privaten Umgebung an.<\/p>\n<h3>Wichtiger Hinweis:<\/h3>\n<p><span data-teams=\"true\">Das Table 10 wird mit einem 30-W-Netzteil zum unabh\u00e4ngigen Laden geliefert. Die Leistung ist zwar relativ gering, reicht aber aus, um das Table 10 einzuschalten (auch ohne Anschluss an einen Computer zum Laden). Die Angabe von 80 W bezieht sich speziell auf die Leistung f\u00fcr das Reverse Charging. Wenn Sie beispielsweise ein 120-W-Ladeger\u00e4t zum Laden des Table 10 verwenden, unterst\u00fctzt dieses maximal 80 W f\u00fcr das Reverse Charging. Die restlichen 80 W werden zum Laden Ihres Laptops verwendet.<\/span><\/p>","protected":false},"excerpt":{"rendered":"<p>Der <strong data-start=\"113\" data-end=\"135\">Blackview TABELLE 10<\/strong> ist ein <strong data-start=\"143\" data-end=\"171\">23,8-Zoll-tragbarer Bildschirm\u201d<\/strong>, Leicht und vielseitig, ideal als <strong data-start=\"203\" data-end=\"223\">zweiter Bildschirm<\/strong> F\u00fcr Arbeit, Studium oder Unterhaltung. Bietet Konnektivit\u00e4t. <strong data-start=\"281\" data-end=\"306\">Plug &amp; Play \u00fcber USB-C<\/strong>, Es verf\u00fcgt \u00fcber einen eingebauten Lautsprecher und ist mit Laptops, Smartphones und Konsolen weitgehend kompatibel. Dar\u00fcber hinaus ist es <strong data-start=\"401\" data-end=\"444\">Kompatibel mit VESA 75 \u00d7 75 mm Halterungen<\/strong>, erm\u00f6glicht eine komfortablere und ergonomischere Einrichtung in jedem Raum.<\/p>\n<p>&nbsp;<\/p>","protected":false},"featured_media":12202,"comment_status":"open","ping_status":"closed","template":"","meta":{"_acf_changed":false},"product_brand":[287],"product_cat":[151],"product_tag":[],"class_list":{"0":"post-12193","1":"product","2":"type-product","3":"status-publish","4":"has-post-thumbnail","6":"product_brand-blackview","7":"product_cat-equipos-blackview","9":"first","10":"instock","11":"sale","12":"shipping-taxable","13":"purchasable","14":"product-type-variable","15":"has-default-attributes"},"acf":[],"_links":{"self":[{"href":"https:\/\/blackviewphones.com\/de\/wp-json\/wp\/v2\/product\/12193","targetHints":{"allow":["GET"]}}],"collection":[{"href":"https:\/\/blackviewphones.com\/de\/wp-json\/wp\/v2\/product"}],"about":[{"href":"https:\/\/blackviewphones.com\/de\/wp-json\/wp\/v2\/types\/product"}],"replies":[{"embeddable":true,"href":"https:\/\/blackviewphones.com\/de\/wp-json\/wp\/v2\/comments?post=12193"}],"version-history":[{"count":2,"href":"https:\/\/blackviewphones.com\/de\/wp-json\/wp\/v2\/product\/12193\/revisions"}],"predecessor-version":[{"id":13898,"href":"https:\/\/blackviewphones.com\/de\/wp-json\/wp\/v2\/product\/12193\/revisions\/13898"}],"wp:featuredmedia":[{"embeddable":true,"href":"https:\/\/blackviewphones.com\/de\/wp-json\/wp\/v2\/media\/12202"}],"wp:attachment":[{"href":"https:\/\/blackviewphones.com\/de\/wp-json\/wp\/v2\/media?parent=12193"}],"wp:term":[{"taxonomy":"product_brand","embeddable":true,"href":"https:\/\/blackviewphones.com\/de\/wp-json\/wp\/v2\/product_brand?post=12193"},{"taxonomy":"product_cat","embeddable":true,"href":"https:\/\/blackviewphones.com\/de\/wp-json\/wp\/v2\/product_cat?post=12193"},{"taxonomy":"product_tag","embeddable":true,"href":"https:\/\/blackviewphones.com\/de\/wp-json\/wp\/v2\/product_tag?post=12193"}],"curies":[{"name":"wp","href":"https:\/\/api.w.org\/{rel}","templated":true}]}}