

{"id":12164,"date":"2026-02-05T14:15:53","date_gmt":"2026-02-05T13:15:53","guid":{"rendered":"https:\/\/blackviewphones.com\/?post_type=product&#038;p=12164"},"modified":"2026-05-07T13:04:43","modified_gmt":"2026-05-07T11:04:43","slug":"laptop-blackview-acebook-6-amd-ryzen-5","status":"publish","type":"product","link":"https:\/\/blackviewphones.com\/de\/product\/portatil-blackview-acebook-6-amd-ryzen-5\/","title":{"rendered":"Blackview AceBook 6 Laptop AMD Ryzen\u2122 5 3500U"},"content":{"rendered":"<h1>Blackview AceBook 6 Laptop AMD Ryzen\u2122 5 3500U<\/h1>\n<p>Entdecken Sie das neue <strong data-start=\"236\" data-end=\"259\">Blackview AceBook 6<\/strong>, Dieser Laptop vereint Leistung, Mobilit\u00e4t und Eleganz in perfekter Balance. Mit seinem modernen Design in Stellar Grey und dem 15,6 Zoll gro\u00dfen Full-HD+-IPS-Display bietet er ein gestochen scharfes und beeindruckendes Seherlebnis f\u00fcr Arbeit und Unterhaltung. Ausgestattet mit 16 GB RAM und einer schnellen 512-GB-SSD sorgt er f\u00fcr fl\u00fcssige Performance und sichere Datenspeicherung.<\/p>\n<h2 data-start=\"654\" data-end=\"709\">Genie\u00dfen Sie klare Bilder und effiziente Leistung<\/h2>\n<p data-start=\"711\" data-end=\"1007\">Er <strong data-start=\"714\" data-end=\"727\">AceBook 6<\/strong> Es ist mit Windows 11 Home und einem AMD Ryzen\u2122 5 3500U Prozessor ausgestattet, der bis zu 3,6 GHz erreicht und so effizientes Multitasking und schnelle Reaktionszeiten in Ihren Lieblingsanwendungen gew\u00e4hrleistet. Der 38-Wh-Akku sorgt zudem f\u00fcr unterbrechungsfreies Arbeiten \u00fcber lange Tage.<\/p>\n<p data-start=\"711\" data-end=\"1007\"><strong data-start=\"132\" data-end=\"175\">Wichtige Informationen zur Tastatur<\/strong><br data-start=\"175\" data-end=\"178\" \/>Dieses Produkt ist ein <strong data-start=\"198\" data-end=\"235\">externe QWERTZ-Tastatur (separat)<\/strong>, somit <strong data-start=\"248\" data-end=\"275\">enth\u00e4lt nicht die Taste \u201e\u00d1\u201c<\/strong>.<\/p>\n<p data-start=\"711\" data-end=\"1007\"><strong>Dieses Terminal wird mit Windows 11 HOME und einer lebenslangen OEM-Lizenz geliefert; diese Lizenz ist an die Hardware des Computers gebunden und kann nicht auf einen anderen Computer \u00fcbertragen werden.<\/strong><\/p>","protected":false},"excerpt":{"rendered":"<p><strong data-start=\"132\" data-end=\"175\">Wichtige Informationen zur Tastatur<\/strong><br data-start=\"175\" data-end=\"178\" \/>Dieses Produkt ist ein <strong data-start=\"198\" data-end=\"235\">externe QWERTZ-Tastatur (separat)<\/strong>, somit <strong data-start=\"248\" data-end=\"275\">enth\u00e4lt nicht die Taste \u201e\u00d1\u201c<\/strong>.<\/p>\n<p>AMD Ryzen\u2122 5 3500U<br data-start=\"150\" data-end=\"153\" \/>Windows 11 Home\u00a0<br data-start=\"201\" data-end=\"204\" \/>357,5 \u00d7 229,5 \u00d7 19,5 mm<br data-start=\"227\" data-end=\"230\" \/>15,6\u2033 FHD+ Display | Gewicht 1,7 kg<br data-start=\"263\" data-end=\"266\" \/>38 Wh | WLAN ac | Bluetooth 5.0<br data-start=\"297\" data-end=\"300\" \/>16 GB RAM 512 GB SSD<\/p>\n<p><em>Dieses Terminal wird mit Windows 11 HOME und einer lebenslangen OEM-Lizenz geliefert; diese Lizenz ist an die Hardware des Computers gebunden und kann nicht auf einen anderen Computer \u00fcbertragen werden.<\/em><\/p>","protected":false},"featured_media":13826,"comment_status":"open","ping_status":"closed","template":"","meta":{"_acf_changed":false},"product_brand":[287],"product_cat":[61,159,338],"product_tag":[333,312],"class_list":{"0":"post-12164","1":"product","2":"type-product","3":"status-publish","4":"has-post-thumbnail","6":"product_brand-blackview","7":"product_cat-equipos-blackview-portatiles","8":"product_cat-ofertas","9":"product_cat-productos","10":"product_tag-cargador-eu","11":"product_tag-notebook","13":"first","14":"instock","15":"sale","16":"shipping-taxable","17":"purchasable","18":"product-type-variable","19":"has-default-attributes"},"acf":[],"_links":{"self":[{"href":"https:\/\/blackviewphones.com\/de\/wp-json\/wp\/v2\/product\/12164","targetHints":{"allow":["GET"]}}],"collection":[{"href":"https:\/\/blackviewphones.com\/de\/wp-json\/wp\/v2\/product"}],"about":[{"href":"https:\/\/blackviewphones.com\/de\/wp-json\/wp\/v2\/types\/product"}],"replies":[{"embeddable":true,"href":"https:\/\/blackviewphones.com\/de\/wp-json\/wp\/v2\/comments?post=12164"}],"version-history":[{"count":0,"href":"https:\/\/blackviewphones.com\/de\/wp-json\/wp\/v2\/product\/12164\/revisions"}],"wp:featuredmedia":[{"embeddable":true,"href":"https:\/\/blackviewphones.com\/de\/wp-json\/wp\/v2\/media\/13826"}],"wp:attachment":[{"href":"https:\/\/blackviewphones.com\/de\/wp-json\/wp\/v2\/media?parent=12164"}],"wp:term":[{"taxonomy":"product_brand","embeddable":true,"href":"https:\/\/blackviewphones.com\/de\/wp-json\/wp\/v2\/product_brand?post=12164"},{"taxonomy":"product_cat","embeddable":true,"href":"https:\/\/blackviewphones.com\/de\/wp-json\/wp\/v2\/product_cat?post=12164"},{"taxonomy":"product_tag","embeddable":true,"href":"https:\/\/blackviewphones.com\/de\/wp-json\/wp\/v2\/product_tag?post=12164"}],"curies":[{"name":"wp","href":"https:\/\/api.w.org\/{rel}","templated":true}]}}