

{"id":11538,"date":"2026-01-21T09:50:20","date_gmt":"2026-01-21T08:50:20","guid":{"rendered":"https:\/\/blackviewphones.com\/?post_type=product&#038;p=11538"},"modified":"2026-05-06T10:34:42","modified_gmt":"2026-05-06T08:34:42","slug":"blackview-mega-12-5g-tablet-ip69k","status":"publish","type":"product","link":"https:\/\/blackviewphones.com\/de\/product\/tablet-blackview-mega-12-5g-ip69k\/","title":{"rendered":"Blackview MEGA 12 5G IP69K Tablet | 48 GB RAM, 256 GB ROM"},"content":{"rendered":"<h1>Blackview MEGA 12 5G IP69K Tablet | 48 GB (12 GB + 36 GB) RAM, 256 GB ROM<\/h1>\n<p><span style=\"color: #800000;\"><strong>\ud83c\udf81 Diese Version enth\u00e4lt das KOMPLETTE PAKET: Stift, Kopfh\u00f6rer, Maus, Schutzglas und Tastaturh\u00fclle.\u00a0<\/strong><\/span><\/p>\n<p data-start=\"252\" data-end=\"610\">Das Blackview MEGA 12 integriert ein <strong data-start=\"284\" data-end=\"330\">MediaTek Dimensity 7200 5G 4nm Prozessor<\/strong> mit Konnektivit\u00e4t <strong data-start=\"348\" data-end=\"354\">5G<\/strong>, Angebot <strong data-start=\"367\" data-end=\"438\">nahtloses Multitasking <\/strong>mit seinem 12-Zoll-Bildschirm<strong data-start=\"367\" data-end=\"438\">, anspruchsvolle Anwendungen und ultraschnelles Surfen<\/strong>. Es handelt sich um ein Android-16-Tablet, das bis zu \u2026 unterst\u00fctzt. <strong>48 GB LPDDR5-RAM<\/strong> und interner Speicher von bis zu <strong data-start=\"512\" data-end=\"530\">256 GB UFS 3.1<\/strong>, erweiterbar bis zu <strong data-start=\"548\" data-end=\"556\">2 TB<\/strong> mit TF-Karte.<\/p>\n<p data-start=\"612\" data-end=\"660\"><strong>\ud83c\udf0a IP69K-Zertifizierung \u2013 Extrem widerstandsf\u00e4hig gegen Wasser und wasserabweisend<\/strong><\/p>\n<p data-start=\"661\" data-end=\"905\">Dieses Tablet wurde f\u00fcr den praktischen Einsatz entwickelt und verf\u00fcgt \u00fcber folgende Merkmale: <strong data-start=\"708\" data-end=\"731\">IP69K-Zertifizierung<\/strong>, was bedeutet <strong data-start=\"750\" data-end=\"827\">vollst\u00e4ndiger Schutz vor Hochdruckwasserstrahlen, Staub und extremen Bedingungen<\/strong>, Ideal auch f\u00fcr raue Umgebungen. Es hat Hei\u00dfwassertests mit 85 \u00b0C standgehalten. Dar\u00fcber hinaus verf\u00fcgt es \u00fcber eine Selbstreinigungsfunktion: Ein einziger Knopfdruck versetzt das System das Lautsprechermodul in Vibration, um eingeschlossenes Wasser und Staub zu entfernen.<\/p>\n<p data-start=\"907\" data-end=\"952\"><strong>\ud83d\udda5\ufe0f Hochfrequentes immersives Display<\/strong><\/p>\n<p data-start=\"953\" data-end=\"1150\">Sein <strong data-start=\"956\" data-end=\"994\">12,2\u2033 QFHD+ Display mit 120 Hz<\/strong> Es bietet ein fl\u00fcssiges und detailliertes visuelles Erlebnis, perfekt f\u00fcr Produktivit\u00e4t, Unterhaltung oder Multimedia-Inhalte.<\/p>\n<p data-start=\"1152\" data-end=\"1190\"><strong>\ud83d\udd0b Gro\u00dfer Akku mit Schnellladefunktion<\/strong><\/p>\n<p data-start=\"1191\" data-end=\"1394\">Ausgestattet mit einem <strong data-start=\"1208\" data-end=\"1233\">10.000 mAh Akku<\/strong> und die <strong data-start=\"1236\" data-end=\"1260\">55 W Schnellladung<\/strong>, Der MEGA 12 garantiert stundenlange, ununterbrochene Nutzung f\u00fcr Arbeit, Studium oder ungest\u00f6rten Spa\u00df.<\/p>\n<p data-start=\"1396\" data-end=\"1441\"><strong>\ud83d\udcf8 Leistungsstarke Kameras zum Erstellen und Aufnehmen<\/strong><\/p>\n<p data-start=\"1442\" data-end=\"1635\">Es beinhaltet ein <strong data-start=\"1454\" data-end=\"1481\">50-MP-R\u00fcckkamera<\/strong> und ein <strong data-start=\"1488\" data-end=\"1508\">13 MP vorne<\/strong>, Perfekt geeignet f\u00fcr Videoanrufe, das Scannen von Dokumenten und hochwertige visuelle Inhalte.<\/p>\n<p data-start=\"1637\" data-end=\"1665\"><strong>\ud83d\udd04 Volle Konnektivit\u00e4t<\/strong><\/p>\n<p data-start=\"1666\" data-end=\"1893\">Bluetooth 5.3, <strong data-start=\"1681\" data-end=\"1693\">WLAN 6E<\/strong>, Dank fortschrittlicher Navigation (GPS\/GLONASS\/Beidou\/Galileo\/QZSS) und Dual-SIM ist dieses Tablet ein vielseitiges Werkzeug f\u00fcr die t\u00e4gliche und berufliche Konnektivit\u00e4t.<\/p>\n<p><b>IP69K + MIL-STD-810H: WAS SIE TUN K\u00d6NNEN UND WAS NICHT.<\/b><\/p>\n<p>Ein Ger\u00e4t mit IP69K-Zertifizierung, das Tests gem\u00e4\u00df dem Milit\u00e4rstandard MIL-STD-810H bestanden hat, bietet ein \u00fcberragendes Ma\u00df an Best\u00e4ndigkeit gegen\u00fcber Hochdruckwasser, Staub, St\u00f6\u00dfen, Vibrationen und extremen Temperaturen.<\/p>\n<p><strong>Dieser US-Milit\u00e4rstandard bewertet die Leistung eines Ger\u00e4ts unter anspruchsvollen realen Einsatzbedingungen, garantiert jedoch keine Unzerst\u00f6rbarkeit. Hier einige Tipps f\u00fcr Ger\u00e4te mit IP69K- und MIL-STD-810H-Zertifizierung:<\/strong><\/p>\n<ul>\n<li aria-level=\"1\">Gehen Sie nicht davon aus, dass der Milit\u00e4rstandard extreme St\u00f6\u00dfe oder St\u00fcrze aus beliebiger H\u00f6he zul\u00e4sst. Das Ger\u00e4t ist zwar robust, aber nicht unzerbrechlich.<\/li>\n<li aria-level=\"1\">Vermeiden Sie es, Ihr Smartphone Dr\u00fccken, Temperaturen oder Kr\u00e4ften auszusetzen, die die vom Hersteller angegebenen Grenzwerte \u00fcberschreiten.<\/li>\n<li aria-level=\"1\">Obwohl es hohem Wasserdruck standh\u00e4lt, sollte es nicht \u00fcber l\u00e4ngere Zeit untergetaucht oder unter Wasser oder bei direktem Wasserstrahl bet\u00e4tigt werden.<\/li>\n<li aria-level=\"1\">Falls der Anschluss mit S\u00fc\u00dfwasser in Ber\u00fchrung gekommen ist, trocknen Sie ihn sorgf\u00e4ltig mit einem weichen Tuch ab.<\/li>\n<li aria-level=\"1\">Falls es mit Salzwasser, Schlamm, Chemikalien oder anderen Fl\u00fcssigkeiten als S\u00fc\u00dfwasser in Ber\u00fchrung gekommen ist, sp\u00fclen Sie es vorsichtig mit S\u00fc\u00dfwasser ab und trocknen Sie es anschlie\u00dfend vollst\u00e4ndig.<\/li>\n<li aria-level=\"1\">F\u00fchren Sie keine Extremtests mit Feuer, absichtlichen St\u00f6\u00dfen oder unn\u00f6tigen St\u00fcrzen durch, nur um die Haltbarkeit zu demonstrieren.<\/li>\n<li aria-level=\"1\">Stellen Sie sicher, dass alle Abdeckungen, Schutzvorrichtungen oder Dichtungen vollst\u00e4ndig geschlossen sind, bevor Sie das Ger\u00e4t Staub, Druck oder Feuchtigkeit aussetzen.<\/li>\n<li aria-level=\"1\">Obwohl es Vibrationen und hohen Temperaturen standh\u00e4lt, sollte ein l\u00e4ngerer Einsatz an schweren Maschinen, die die zertifizierten Bereiche \u00fcberschreiten, vermieden werden.<\/li>\n<\/ul>","protected":false},"excerpt":{"rendered":"<p>Der <strong data-start=\"3\" data-end=\"27\">Blackview MEGA 12 5G<\/strong> ist ein <strong data-start=\"35\" data-end=\"65\">Robustes 5G-Tablet mit IP69K-Schutzart<\/strong> erstellt f\u00fcr ein <strong data-start=\"81\" data-end=\"112\">intensive und professionelle Nutzung<\/strong>. Es bietet <strong data-start=\"121\" data-end=\"141\">hohe Leistung<\/strong>, <strong data-start=\"143\" data-end=\"170\">50-MP-R\u00fcckkamera<\/strong> f\u00fcr detaillierte Aufnahmen und ein <strong data-start=\"202\" data-end=\"219\">Gro\u00dfbildleinwand<\/strong> Ideal f\u00fcr Produktivit\u00e4t und Multimedia. Seine robuste Bauweise macht es zum <strong data-start=\"296\" data-end=\"363\">Robustes Tablet, perfekt f\u00fcr Arbeit, Industrie und Outdoor-Einsatz<\/strong>, Garantie <strong data-start=\"378\" data-end=\"415\">Geschwindigkeit, Sicherheit und Zuverl\u00e4ssigkeit<\/strong> in jeder Umgebung \ud83c\udf0d\u26a1<\/p>","protected":false},"featured_media":13072,"comment_status":"open","ping_status":"closed","template":"","meta":{"_acf_changed":false},"product_brand":[287],"product_cat":[159,95,328],"product_tag":[],"class_list":{"0":"post-11538","1":"product","2":"type-product","3":"status-publish","4":"has-post-thumbnail","6":"product_brand-blackview","7":"product_cat-ofertas","8":"product_cat-tablets-blackview","9":"product_cat-tablets-blackview-tablets-inteligentes-blackview","11":"first","12":"instock","13":"sale","14":"shipping-taxable","15":"purchasable","16":"product-type-variable","17":"has-default-attributes"},"acf":[],"_links":{"self":[{"href":"https:\/\/blackviewphones.com\/de\/wp-json\/wp\/v2\/product\/11538","targetHints":{"allow":["GET"]}}],"collection":[{"href":"https:\/\/blackviewphones.com\/de\/wp-json\/wp\/v2\/product"}],"about":[{"href":"https:\/\/blackviewphones.com\/de\/wp-json\/wp\/v2\/types\/product"}],"replies":[{"embeddable":true,"href":"https:\/\/blackviewphones.com\/de\/wp-json\/wp\/v2\/comments?post=11538"}],"version-history":[{"count":1,"href":"https:\/\/blackviewphones.com\/de\/wp-json\/wp\/v2\/product\/11538\/revisions"}],"predecessor-version":[{"id":13884,"href":"https:\/\/blackviewphones.com\/de\/wp-json\/wp\/v2\/product\/11538\/revisions\/13884"}],"wp:featuredmedia":[{"embeddable":true,"href":"https:\/\/blackviewphones.com\/de\/wp-json\/wp\/v2\/media\/13072"}],"wp:attachment":[{"href":"https:\/\/blackviewphones.com\/de\/wp-json\/wp\/v2\/media?parent=11538"}],"wp:term":[{"taxonomy":"product_brand","embeddable":true,"href":"https:\/\/blackviewphones.com\/de\/wp-json\/wp\/v2\/product_brand?post=11538"},{"taxonomy":"product_cat","embeddable":true,"href":"https:\/\/blackviewphones.com\/de\/wp-json\/wp\/v2\/product_cat?post=11538"},{"taxonomy":"product_tag","embeddable":true,"href":"https:\/\/blackviewphones.com\/de\/wp-json\/wp\/v2\/product_tag?post=11538"}],"curies":[{"name":"wp","href":"https:\/\/api.w.org\/{rel}","templated":true}]}}