

{"id":5977,"date":"2025-01-21T12:00:02","date_gmt":"2025-01-21T11:00:02","guid":{"rendered":"https:\/\/blackviewphones.com\/?page_id=5977"},"modified":"2025-05-22T13:33:49","modified_gmt":"2025-05-22T11:33:49","slug":"engagement-fur-die-umwelt-blackview","status":"publish","type":"page","link":"https:\/\/blackviewphones.com\/de\/compromiso-medioambiental-blackview\/","title":{"rendered":"Umweltengagement von Blackview"},"content":{"rendered":"<p>Wir bei Blackview sind uns der Bedeutung des Beitrags von Unternehmen, Institutionen, Verwaltungen und Einzelpersonen zur F\u00f6rderung des Umweltschutzes und zur Erm\u00f6glichung des Fortschritts hin zu einer nachhaltigen Gesellschaft bewusst. Daher verpflichten wir uns, Umweltrichtlinien in unsere Gesch\u00e4ftsstrategie zu integrieren. Diese spiegeln sich in unserer Umweltpolitik wider, die auf zwei Grunds\u00e4tzen beruht: der Einhaltung der geltenden Vorschriften und der kontinuierlichen Verbesserung unserer Aktivit\u00e4ten zum Schutz und zur Erhaltung der Umwelt.<\/p>\n\n\n\n<div id=\"ez-toc-container\" class=\"ez-toc-v2_0_82_2 counter-hierarchy ez-toc-counter ez-toc-grey ez-toc-container-direction\">\n<div class=\"ez-toc-title-container\">\n<p class=\"ez-toc-title\" style=\"cursor:inherit\">Inhaltsverzeichnis<\/p>\n<span class=\"ez-toc-title-toggle\"><a href=\"#\" class=\"ez-toc-pull-right ez-toc-btn ez-toc-btn-xs ez-toc-btn-default ez-toc-toggle\" aria-label=\"Inhaltsverzeichnis ein-\/ausblenden\"><span class=\"ez-toc-js-icon-con\"><span class=\"\"><span class=\"eztoc-hide\" style=\"display:none;\">Umschalten<\/span><span class=\"ez-toc-icon-toggle-span\"><svg style=\"fill: #999;color:#999\" xmlns=\"http:\/\/www.w3.org\/2000\/svg\" class=\"list-377408\" width=\"20px\" height=\"20px\" viewbox=\"0 0 24 24\" fill=\"none\"><path d=\"M6 6H4v2h2V6zm14 0H8v2h12V6zM4 11h2v2H4v-2zm16 0H8v2h12v-2zM4 16h2v2H4v-2zm16 0H8v2h12v-2z\" fill=\"currentColor\"><\/path><\/svg><svg style=\"fill: #999;color:#999\" class=\"arrow-unsorted-368013\" xmlns=\"http:\/\/www.w3.org\/2000\/svg\" width=\"10px\" height=\"10px\" viewbox=\"0 0 24 24\" version=\"1.2\" baseprofile=\"tiny\"><path d=\"M18.2 9.3l-6.2-6.3-6.2 6.3c-.2.2-.3.4-.3.7s.1.5.3.7c.2.2.4.3.7.3h11c.3 0 .5-.1.7-.3.2-.2.3-.5.3-.7s-.1-.5-.3-.7zM5.8 14.7l6.2 6.3 6.2-6.3c.2-.2.3-.5.3-.7s-.1-.5-.3-.7c-.2-.2-.4-.3-.7-.3h-11c-.3 0-.5.1-.7.3-.2.2-.3.5-.3.7s.1.5.3.7z\"\/><\/svg><\/span><\/span><\/span><\/a><\/span><\/div>\n<nav><ul class='ez-toc-list ez-toc-list-level-1' ><li class='ez-toc-page-1 ez-toc-heading-level-2'><a class=\"ez-toc-link ez-toc-heading-1\" href=\"https:\/\/blackviewphones.com\/de\/compromiso-medioambiental-blackview\/#Politica_Medioambiental\" >Umweltpolitik<\/a><ul class='ez-toc-list-level-3' ><li class='ez-toc-heading-level-3'><a class=\"ez-toc-link ez-toc-heading-2\" href=\"https:\/\/blackviewphones.com\/de\/compromiso-medioambiental-blackview\/#Envianos_tu_terminal_usado\" >Senden Sie uns Ihr gebrauchtes Terminal<\/a><\/li><\/ul><\/li><\/ul><\/nav><\/div>\n<h2 class=\"wp-block-heading\"><span class=\"ez-toc-section\" id=\"Politica_Medioambiental\"><\/span>Umweltpolitik<span class=\"ez-toc-section-end\"><\/span><\/h2>\n\n\n\n<p>Die vom Direktor festgelegte Umweltpolitik legt die folgenden Grunds\u00e4tze fest:<\/p>\n\n\n\n<ul class=\"wp-block-list\">\n<li>Erhaltung und Schutz der Umwelt.<\/li>\n\n\n\n<li>Vermeidung von Umweltverschmutzung und Schulung zur kontinuierlichen Verbesserung<\/li>\n\n\n\n<li>Einhaltung der geltenden Gesetze bei unseren Aktivit\u00e4ten und Zusammenarbeit mit qualifizierten Organisationen.<\/li>\n\n\n\n<li>Wenden Sie, wann immer m\u00f6glich, die 3R-Regel an: Reduzieren, Recyceln und Wiederverwenden<\/li>\n\n\n\n<li>Rationelle Nutzung der Ressourcen, Reduzierung, Recycling oder Vermeidung von Abf\u00e4llen unter Ber\u00fccksichtigung der Umwelt.<\/li>\n\n\n\n<li>Reduzieren Sie den Verbrauch von Rohstoffen und Energie.<\/li>\n\n\n\n<li>F\u00f6rderung des Umweltbewusstseins unserer Mitarbeiter und Umsetzung von Verbesserungsprogrammen.<\/li>\n\n\n\n<li>Bewertung der Risiken unserer Aktivit\u00e4ten f\u00fcr die Umwelt.<\/li>\n\n\n\n<li>Erh\u00f6hen Sie die Lebensdauer von Telefonen und elektronischen Produkten, indem Sie deren Haltbarkeit verbessern.<\/li>\n\n\n\n<li>Hilft Endbenutzern beim Recycling unserer Ger\u00e4te. Zu diesem Zweck:<\/li>\n<\/ul>\n\n\n\n<h3 class=\"wp-block-heading\"><span class=\"ez-toc-section\" id=\"Envianos_tu_terminal_usado\"><\/span>Senden Sie uns Ihr gebrauchtes Terminal<span class=\"ez-toc-section-end\"><\/span><\/h3>\n\n\n\n<p>Bei Blackview produzieren wir langlebige Ger\u00e4te, um ihre Lebensdauer zu verl\u00e4ngern und Elektroschrott zu vermeiden. Wenn Sie sich also f\u00fcr einen Wechsel Ihres Terminals entschieden haben, denken Sie an die Umwelt und schicken Sie es uns zur Vernichtung oder Begutachtung.<\/p>\n\n\n\n<p>Sollte Ihr Terminal in einem schlechten Zustand sein, vernichten und recyceln wir es. Wenn in Ihrem Ger\u00e4t noch verwertbare Teile vorhanden sind, erstellen wir Ihnen ein Gutachten und verg\u00fcten es nach folgender Kalkulation:<\/p>\n\n\n\n<p>Nutzungsdauer in % = (Nutzungsmonate \/ 24 Monate) \u2013 1<\/p>\n\n\n\n<p>Aktueller Terminalpreis = Kaufpreis x Nutzungsdauer<\/p>\n\n\n\n<p>Auf diesen Preis werden die Teile gem\u00e4\u00df diesem ungef\u00e4hren % bezahlt, immer abh\u00e4ngig von ihrem Zustand:<\/p>\n\n\n\n<ul class=\"wp-block-list\">\n<li>Hauptplatine 19%<\/li>\n\n\n\n<li>Bildschirm 11%<\/li>\n\n\n\n<li>Batterie 4%<\/li>\n\n\n\n<li>Ladeanschluss 4%<\/li>\n\n\n\n<li>R\u00fcckfahrkamera 4%<\/li>\n\n\n\n<li>Hintere Abdeckung 3%<\/li>\n\n\n\n<li>Frontkamera 2%<\/li>\n\n\n\n<li>2% Lautsprecher<\/li>\n\n\n\n<li>Mikrofon 2%<\/li>\n<\/ul>","protected":false},"excerpt":{"rendered":"<p>Wir bei Blackview sind uns der Bedeutung des Beitrags von Unternehmen, Institutionen, Beh\u00f6rden und Einzelpersonen f\u00fcr den Umweltschutz und den Fortschritt hin zu einer nachhaltigen Gesellschaft bewusst. Daher verpflichten wir uns zur Umsetzung von Umweltrichtlinien in unserer Gesch\u00e4ftsstrategie, die sich unter anderem in Folgendem widerspiegeln: \u2026<\/p>\n<div class=\"klb-readmore entry-button\"><a class=\"btn read-more\" href=\"https:\/\/blackviewphones.com\/de\/compromiso-medioambiental-blackview\/\">Mehr lesen<\/a><\/div>","protected":false},"author":2,"featured_media":0,"parent":0,"menu_order":0,"comment_status":"closed","ping_status":"closed","template":"","meta":{"_acf_changed":false,"footnotes":""},"class_list":["post-5977","page","type-page","status-publish","hentry"],"acf":[],"_links":{"self":[{"href":"https:\/\/blackviewphones.com\/de\/wp-json\/wp\/v2\/pages\/5977","targetHints":{"allow":["GET"]}}],"collection":[{"href":"https:\/\/blackviewphones.com\/de\/wp-json\/wp\/v2\/pages"}],"about":[{"href":"https:\/\/blackviewphones.com\/de\/wp-json\/wp\/v2\/types\/page"}],"author":[{"embeddable":true,"href":"https:\/\/blackviewphones.com\/de\/wp-json\/wp\/v2\/users\/2"}],"replies":[{"embeddable":true,"href":"https:\/\/blackviewphones.com\/de\/wp-json\/wp\/v2\/comments?post=5977"}],"version-history":[{"count":0,"href":"https:\/\/blackviewphones.com\/de\/wp-json\/wp\/v2\/pages\/5977\/revisions"}],"wp:attachment":[{"href":"https:\/\/blackviewphones.com\/de\/wp-json\/wp\/v2\/media?parent=5977"}],"curies":[{"name":"wp","href":"https:\/\/api.w.org\/{rel}","templated":true}]}}