

{"id":3080,"date":"2025-01-17T16:07:56","date_gmt":"2025-01-17T15:07:56","guid":{"rendered":"https:\/\/blackviewphones.com\/?page_id=3080"},"modified":"2025-11-19T14:37:44","modified_gmt":"2025-11-19T13:37:44","slug":"verteiler","status":"publish","type":"page","link":"https:\/\/blackviewphones.com\/de\/distribuidor\/","title":{"rendered":"Sonderpreise f\u00fcr H\u00e4ndler"},"content":{"rendered":"<div data-elementor-type=\"wp-page\" data-elementor-id=\"3080\" class=\"elementor elementor-3080\" data-elementor-post-type=\"page\">\n\t\t\t\t<div class=\"elementor-element elementor-element-ddee498 e-flex e-con-boxed e-con e-parent\" data-id=\"ddee498\" data-element_type=\"container\" data-e-type=\"container\">\n\t\t\t\t\t<div class=\"e-con-inner\">\n\t\t\t\t<div class=\"elementor-element elementor-element-7b9c14d elementor-cta--skin-classic elementor-animated-content elementor-bg-transform elementor-bg-transform-zoom-in elementor-widget elementor-widget-call-to-action\" data-id=\"7b9c14d\" data-element_type=\"widget\" data-e-type=\"widget\" data-widget_type=\"call-to-action.default\">\n\t\t\t\t<div class=\"elementor-widget-container\">\n\t\t\t\t\t\t\t<a class=\"elementor-cta\" href=\"https:\/\/driyphqc841.typeform.com\/to\/rBx097p5\" target=\"_blank\" rel=\"noopener\">\r\n\t\t\t\t\t<div class=\"elementor-cta__bg-wrapper\">\r\n\t\t\t\t<div class=\"elementor-cta__bg elementor-bg\" style=\"background-image: url(https:\/\/blackviewphones.com\/wp-content\/uploads\/2025\/11\/xplore1_pc-20251023095339620-1.webp);\" role=\"img\" aria-label=\"xplore1_pc-20251023095339620\"><\/div>\r\n\t\t\t\t<div class=\"elementor-cta__bg-overlay\"><\/div>\r\n\t\t\t<\/div>\r\n\t\t\t\t\t\t\t<div class=\"elementor-cta__content\">\r\n\t\t\t\t\r\n\t\t\t\t\t\t\t\t\t<h2 class=\"elementor-cta__title elementor-cta__content-item elementor-content-item\">\r\n\t\t\t\t\t\tBesitzen Sie ein H\u00e4ndlerzertifikat? Verdienen Sie Geld mit uns.\t\t\t\t\t<\/h2>\r\n\t\t\t\t\r\n\t\t\t\t\r\n\t\t\t\t\t\t\t\t\t<div class=\"elementor-cta__button-wrapper elementor-cta__content-item elementor-content-item\">\r\n\t\t\t\t\t<span class=\"elementor-cta__button elementor-button elementor-size-\">\r\n\t\t\t\t\t\tHolen Sie sich ein individuelles Angebot\t\t\t\t\t<\/span>\r\n\t\t\t\t\t<\/div>\r\n\t\t\t\t\t\t\t<\/div>\r\n\t\t\t\t\t\t<\/a>\r\n\t\t\t\t\t\t<\/div>\n\t\t\t\t<\/div>\n\t\t\t\t\t<\/div>\n\t\t\t\t<\/div>\n\t\t<div class=\"elementor-element elementor-element-bd61630 e-grid e-con-boxed e-con e-parent\" data-id=\"bd61630\" data-element_type=\"container\" data-e-type=\"container\">\n\t\t\t\t\t<div class=\"e-con-inner\">\n\t\t\t\t<div class=\"elementor-element elementor-element-51ab7e0 elementor-widget elementor-widget-text-editor\" data-id=\"51ab7e0\" data-element_type=\"widget\" data-e-type=\"widget\" data-widget_type=\"text-editor.default\">\n\t\t\t\t<div class=\"elementor-widget-container\">\n\t\t\t\t\t\t\t\t\t<p>Bei Blackview Phones sind wir st\u00e4ndig auf der Suche<strong> Neue Vertriebspartner. Wir bieten Sonderpreise f\u00fcr Lieferanten an.<\/strong> und Mengenrabatte. Sie k\u00f6nnen das obige Formular ausf\u00fcllen oder uns unter der folgenden Telefonnummer kontaktieren. <strong>(+34) 935 15 05 20<\/strong> oder schreiben Sie uns eine E-Mail mit mehr Platz und angeh\u00e4ngten Fotos, falls Sie diese ben\u00f6tigen, an die Adresse<a href=\"maito:info@blackviewphones.com\"> info@blackviewphones.com<\/a>.<\/p><p>Es ist meine Pflicht, Sie dar\u00fcber zu informieren, dass die personenbezogenen Daten, die Sie mir durch Ausf\u00fcllen dieses Formulars zur Verf\u00fcgung stellen, von folgender Stelle verarbeitet werden:<br \/>Verantwortliche Stelle: Identit\u00e4t: TELEFONOS RESISTENTES SL \u2013 NIF: B-67246108 Postanschrift: Valls de Andorra 2 2 1 Telefon: 935150520 E-Mail: <a href=\"maito:info@blackviewphones.com\">info@blackviewphones.com<\/a><br \/>Im Auftrag des Unternehmens verarbeiten wir die von Ihnen bereitgestellten Informationen, um die angeforderte Dienstleistung zu erbringen, Ihnen erforderliche Proforma-Rechnungen zuzusenden oder Ihnen eine Rechnung zu stellen. Die bereitgestellten Daten werden so lange gespeichert, wie die Gesch\u00e4ftsbeziehung besteht oder f\u00fcr die Jahre, die zur Erf\u00fcllung gesetzlicher Verpflichtungen erforderlich sind. Eine Weitergabe der Daten an Dritte erfolgt nicht, es sei denn, es besteht hierzu eine gesetzliche Verpflichtung. Sie haben das Recht, eine Best\u00e4tigung dar\u00fcber zu erhalten, ob TELEFONOS RESISTENTES SL Ihre personenbezogenen Daten verarbeitet. Sie haben daher das Recht, auf Ihre personenbezogenen Daten zuzugreifen, unrichtige Daten zu berichtigen oder deren L\u00f6schung zu verlangen, wenn die Daten nicht mehr ben\u00f6tigt werden.<br \/>Ich bitte au\u00dferdem um Ihre Genehmigung, Ihnen Produkte und Dienstleistungen im Zusammenhang mit den von Ihnen gew\u00fcnschten Produkten und Dienstleistungen anzubieten und Sie als Kunden zu behalten.<\/p>\t\t\t\t\t\t\t\t<\/div>\n\t\t\t\t<\/div>\n\t\t\t\t\t<\/div>\n\t\t\t\t<\/div>\n\t\t<div class=\"elementor-element elementor-element-7873b57 e-flex e-con-boxed e-con e-parent\" data-id=\"7873b57\" data-element_type=\"container\" data-e-type=\"container\">\n\t\t\t\t\t<div class=\"e-con-inner\">\n\t\t\t\t\t<\/div>\n\t\t\t\t<\/div>\n\t\t\t\t<\/div>","protected":false},"excerpt":{"rendered":"<p>Besitzen Sie eine H\u00e4ndlerlizenz? Verdienen Sie Geld mit uns! Fordern Sie ein individuelles Angebot an. Blackview Phones ist st\u00e4ndig auf der Suche nach neuen Vertriebspartnern. Wir bieten Sonderpreise f\u00fcr Lieferanten und Mengenrabatte. F\u00fcllen Sie einfach das obige Formular aus, kontaktieren Sie uns unter +34 935 15 05 20 oder senden Sie uns eine E-Mail mit mehr Platz und beigef\u00fcgten Fotos.<\/p>\n<div class=\"klb-readmore entry-button\"><a class=\"btn read-more\" href=\"https:\/\/blackviewphones.com\/de\/distribuidor\/\">Mehr lesen<\/a><\/div>","protected":false},"author":2,"featured_media":0,"parent":0,"menu_order":0,"comment_status":"closed","ping_status":"closed","template":"","meta":{"_acf_changed":false,"footnotes":""},"class_list":["post-3080","page","type-page","status-publish","hentry"],"acf":[],"_links":{"self":[{"href":"https:\/\/blackviewphones.com\/de\/wp-json\/wp\/v2\/pages\/3080","targetHints":{"allow":["GET"]}}],"collection":[{"href":"https:\/\/blackviewphones.com\/de\/wp-json\/wp\/v2\/pages"}],"about":[{"href":"https:\/\/blackviewphones.com\/de\/wp-json\/wp\/v2\/types\/page"}],"author":[{"embeddable":true,"href":"https:\/\/blackviewphones.com\/de\/wp-json\/wp\/v2\/users\/2"}],"replies":[{"embeddable":true,"href":"https:\/\/blackviewphones.com\/de\/wp-json\/wp\/v2\/comments?post=3080"}],"version-history":[{"count":0,"href":"https:\/\/blackviewphones.com\/de\/wp-json\/wp\/v2\/pages\/3080\/revisions"}],"wp:attachment":[{"href":"https:\/\/blackviewphones.com\/de\/wp-json\/wp\/v2\/media?parent=3080"}],"curies":[{"name":"wp","href":"https:\/\/api.w.org\/{rel}","templated":true}]}}