

{"id":3065,"date":"2025-01-17T14:27:49","date_gmt":"2025-01-17T13:27:49","guid":{"rendered":"https:\/\/blackviewphones.com\/?page_id=3065"},"modified":"2025-04-25T07:35:02","modified_gmt":"2025-04-25T05:35:02","slug":"unternehmen","status":"publish","type":"page","link":"https:\/\/blackviewphones.com\/de\/empresas\/","title":{"rendered":"Unternehmen"},"content":{"rendered":"\t\t<div data-elementor-type=\"wp-page\" data-elementor-id=\"3065\" class=\"elementor elementor-3065\" data-elementor-post-type=\"page\">\n\t\t\t\t<div class=\"elementor-element elementor-element-8f5ae05 e-flex e-con-boxed e-con e-parent\" data-id=\"8f5ae05\" data-element_type=\"container\" data-e-type=\"container\">\n\t\t\t\t\t<div class=\"e-con-inner\">\n\t\t\t\t<div class=\"elementor-element elementor-element-a46e9f4 elementor-widget elementor-widget-heading\" data-id=\"a46e9f4\" data-element_type=\"widget\" data-e-type=\"widget\" data-widget_type=\"heading.default\">\n\t\t\t\t<div class=\"elementor-widget-container\">\n\t\t\t\t\t<div id=\"ez-toc-container\" class=\"ez-toc-v2_0_82_2 counter-hierarchy ez-toc-counter ez-toc-grey ez-toc-container-direction\">\n<div class=\"ez-toc-title-container\">\n<p class=\"ez-toc-title\" style=\"cursor:inherit\">Table of Contents<\/p>\n<span class=\"ez-toc-title-toggle\"><a href=\"#\" class=\"ez-toc-pull-right ez-toc-btn ez-toc-btn-xs ez-toc-btn-default ez-toc-toggle\" aria-label=\"Toggle Table of Content\"><span class=\"ez-toc-js-icon-con\"><span class=\"\"><span class=\"eztoc-hide\" style=\"display:none;\">Toggle<\/span><span class=\"ez-toc-icon-toggle-span\"><svg style=\"fill: #999;color:#999\" xmlns=\"http:\/\/www.w3.org\/2000\/svg\" class=\"list-377408\" width=\"20px\" height=\"20px\" viewBox=\"0 0 24 24\" fill=\"none\"><path d=\"M6 6H4v2h2V6zm14 0H8v2h12V6zM4 11h2v2H4v-2zm16 0H8v2h12v-2zM4 16h2v2H4v-2zm16 0H8v2h12v-2z\" fill=\"currentColor\"><\/path><\/svg><svg style=\"fill: #999;color:#999\" class=\"arrow-unsorted-368013\" xmlns=\"http:\/\/www.w3.org\/2000\/svg\" width=\"10px\" height=\"10px\" viewBox=\"0 0 24 24\" version=\"1.2\" baseProfile=\"tiny\"><path d=\"M18.2 9.3l-6.2-6.3-6.2 6.3c-.2.2-.3.4-.3.7s.1.5.3.7c.2.2.4.3.7.3h11c.3 0 .5-.1.7-.3.2-.2.3-.5.3-.7s-.1-.5-.3-.7zM5.8 14.7l6.2 6.3 6.2-6.3c.2-.2.3-.5.3-.7s-.1-.5-.3-.7c-.2-.2-.4-.3-.7-.3h-11c-.3 0-.5.1-.7.3-.2.2-.3.5-.3.7s.1.5.3.7z\"\/><\/svg><\/span><\/span><\/span><\/a><\/span><\/div>\n<nav><ul class='ez-toc-list ez-toc-list-level-1 ' ><li class='ez-toc-page-1 ez-toc-heading-level-1'><a class=\"ez-toc-link ez-toc-heading-1\" href=\"https:\/\/blackviewphones.com\/de\/empresas\/#%C2%BFNecesitas_equipar_a_tu_equipo_con_dispositivos_resistentes\" >\u00bfNecesitas equipar a tu equipo con dispositivos resistentes?<\/a><ul class='ez-toc-list-level-2' ><li class='ez-toc-heading-level-2'><a class=\"ez-toc-link ez-toc-heading-2\" href=\"https:\/\/blackviewphones.com\/de\/empresas\/#Solicita_tu_cotizacion_personalizada_hoy_mismo\" >Solicita tu cotizaci\u00f3n personalizada hoy mismo<\/a><\/li><\/ul><\/li><\/ul><\/nav><\/div>\n<h1 class=\"elementor-heading-title elementor-size-default\"><span class=\"ez-toc-section\" id=\"%C2%BFNecesitas_equipar_a_tu_equipo_con_dispositivos_resistentes\"><\/span>\u00bfNecesitas equipar a tu equipo con dispositivos resistentes?<span class=\"ez-toc-section-end\"><\/span><\/h1>\t\t\t\t<\/div>\n\t\t\t\t<\/div>\n\t\t\t\t\t<\/div>\n\t\t\t\t<\/div>\n\t\t<div class=\"elementor-element elementor-element-195c721 e-flex e-con-boxed e-con e-parent\" data-id=\"195c721\" data-element_type=\"container\" data-e-type=\"container\">\n\t\t\t\t\t<div class=\"e-con-inner\">\n\t\t\t\t<div class=\"elementor-element elementor-element-727d61d elementor-widget elementor-widget-text-editor\" data-id=\"727d61d\" data-element_type=\"widget\" data-e-type=\"widget\" data-widget_type=\"text-editor.default\">\n\t\t\t\t<div class=\"elementor-widget-container\">\n\t\t\t\t\t\t\t\t\t<p>Si tienes una empresa, en Blackview, ofrecemos soluciones ideales para empresas que requieren dispositivos duraderos y eficientes para sus trabajadores.<\/p><p><strong>\ud83d\udd27 \u00bfPor qu\u00e9 elegir nuestros productos?<\/strong><\/p><ul><li>Dise\u00f1ados para entornos exigentes: resistencia a golpes, agua y polvo.<\/li><li>Tecnolog\u00eda avanzada para maximizar la productividad.<\/li><li>Soporte t\u00e9cnico dedicado para empresas.<\/li><\/ul><p>\ud83d\udce6 <strong>Compra en grandes cantidades<\/strong><br \/>Si necesitas m\u00e1s de 10 unidades, accede a precios especiales y condiciones exclusivas dise\u00f1adas para negocios como el tuyo.<\/p><p>\u00a0<\/p><h2><span class=\"ez-toc-section\" id=\"Solicita_tu_cotizacion_personalizada_hoy_mismo\"><\/span>Solicita tu cotizaci\u00f3n personalizada hoy mismo<span class=\"ez-toc-section-end\"><\/span><\/h2><p>Rellena el formulario y nuestro equipo te contactar\u00e1 en breve para ayudarte a encontrar la mejor soluci\u00f3n para tu empresa.<\/p>\t\t\t\t\t\t\t\t<\/div>\n\t\t\t\t<\/div>\n\t\t\t\t\t<\/div>\n\t\t\t\t<\/div>\n\t\t<div class=\"elementor-element elementor-element-b372ecb e-flex e-con-boxed e-con e-parent\" data-id=\"b372ecb\" data-element_type=\"container\" data-e-type=\"container\">\n\t\t\t\t\t<div class=\"e-con-inner\">\n\t\t\t\t<div class=\"elementor-element elementor-element-840cf84 elementor-button-align-stretch elementor-widget elementor-widget-form\" data-id=\"840cf84\" data-element_type=\"widget\" data-e-type=\"widget\" data-settings=\"{&quot;step_next_label&quot;:&quot;Siguiente&quot;,&quot;step_previous_label&quot;:&quot;Anterior&quot;,&quot;button_width&quot;:&quot;100&quot;,&quot;step_type&quot;:&quot;number_text&quot;,&quot;step_icon_shape&quot;:&quot;circle&quot;}\" data-widget_type=\"form.default\">\n\t\t\t\t<div class=\"elementor-widget-container\">\n\t\t\t\t\t\t\t<form class=\"elementor-form\" method=\"post\" name=\"FORMULARIO DISTRIBUIDOR\" aria-label=\"FORMULARIO DISTRIBUIDOR\">\r\n\t\t\t<input type=\"hidden\" name=\"post_id\" value=\"3065\"\/>\r\n\t\t\t<input type=\"hidden\" name=\"form_id\" value=\"840cf84\"\/>\r\n\t\t\t<input type=\"hidden\" name=\"referer_title\" value=\"Empresas - Blackview Phones\" \/>\r\n\r\n\t\t\t\t\t\t\t<input type=\"hidden\" name=\"queried_id\" value=\"3065\"\/>\r\n\t\t\t\r\n\t\t\t<div class=\"elementor-form-fields-wrapper elementor-labels-above\">\r\n\t\t\t\t\t\t\t\t<div class=\"elementor-field-type-text elementor-field-group elementor-column elementor-field-group-name elementor-col-100\">\r\n\t\t\t\t\t\t\t\t\t\t\t\t<label for=\"form-field-name\" class=\"elementor-field-label\">\r\n\t\t\t\t\t\t\t\tEmpresa\t\t\t\t\t\t\t<\/label>\r\n\t\t\t\t\t\t\t\t\t\t\t\t\t\t<input size=\"1\" type=\"text\" name=\"form_fields[name]\" id=\"form-field-name\" class=\"elementor-field elementor-size-md  elementor-field-textual\" placeholder=\"Empresa\">\r\n\t\t\t\t\t\t\t\t\t\t\t<\/div>\r\n\t\t\t\t\t\t\t\t<div class=\"elementor-field-type-text elementor-field-group elementor-column elementor-field-group-field_2d84099 elementor-col-100\">\r\n\t\t\t\t\t\t\t\t\t\t\t\t<label for=\"form-field-field_2d84099\" class=\"elementor-field-label\">\r\n\t\t\t\t\t\t\t\tPersona de contacto\t\t\t\t\t\t\t<\/label>\r\n\t\t\t\t\t\t\t\t\t\t\t\t\t\t<input size=\"1\" type=\"text\" name=\"form_fields[field_2d84099]\" id=\"form-field-field_2d84099\" class=\"elementor-field elementor-size-md  elementor-field-textual\" placeholder=\"Nombre completo\">\r\n\t\t\t\t\t\t\t\t\t\t\t<\/div>\r\n\t\t\t\t\t\t\t\t<div class=\"elementor-field-type-email elementor-field-group elementor-column elementor-field-group-email elementor-col-100 elementor-field-required\">\r\n\t\t\t\t\t\t\t\t\t\t\t\t<label for=\"form-field-email\" class=\"elementor-field-label\">\r\n\t\t\t\t\t\t\t\tEmail\t\t\t\t\t\t\t<\/label>\r\n\t\t\t\t\t\t\t\t\t\t\t\t\t\t<input size=\"1\" type=\"email\" name=\"form_fields[email]\" id=\"form-field-email\" class=\"elementor-field elementor-size-md  elementor-field-textual\" placeholder=\"Email\" required=\"required\">\r\n\t\t\t\t\t\t\t\t\t\t\t<\/div>\r\n\t\t\t\t\t\t\t\t<div class=\"elementor-field-type-tel elementor-field-group elementor-column elementor-field-group-field_ba35dde elementor-col-100\">\r\n\t\t\t\t\t\t\t\t\t\t\t\t<label for=\"form-field-field_ba35dde\" class=\"elementor-field-label\">\r\n\t\t\t\t\t\t\t\tTel\u00e9fono de contacto\t\t\t\t\t\t\t<\/label>\r\n\t\t\t\t\t\t\t\t<input size=\"1\" type=\"tel\" name=\"form_fields[field_ba35dde]\" id=\"form-field-field_ba35dde\" class=\"elementor-field elementor-size-md  elementor-field-textual\" pattern=\"[0-9()#&+*-=.]+\" title=\"Only numbers and phone characters (#, -, *, etc) are accepted.\">\r\n\r\n\t\t\t\t\t\t<\/div>\r\n\t\t\t\t\t\t\t\t<div class=\"elementor-field-type-text elementor-field-group elementor-column elementor-field-group-field_91265c9 elementor-col-100\">\r\n\t\t\t\t\t\t\t\t\t\t\t\t<label for=\"form-field-field_91265c9\" class=\"elementor-field-label\">\r\n\t\t\t\t\t\t\t\t\u00bfQu\u00e9 te interesa?\t\t\t\t\t\t\t<\/label>\r\n\t\t\t\t\t\t\t\t\t\t\t\t\t\t<input size=\"1\" type=\"text\" name=\"form_fields[field_91265c9]\" id=\"form-field-field_91265c9\" class=\"elementor-field elementor-size-md  elementor-field-textual\" placeholder=\" M\u00f3viles, Tablets, otros.\">\r\n\t\t\t\t\t\t\t\t\t\t\t<\/div>\r\n\t\t\t\t\t\t\t\t<div class=\"elementor-field-type-text elementor-field-group elementor-column elementor-field-group-field_5a6bbb0 elementor-col-100\">\r\n\t\t\t\t\t\t\t\t\t\t\t\t<label for=\"form-field-field_5a6bbb0\" class=\"elementor-field-label\">\r\n\t\t\t\t\t\t\t\t\u00bfAlg\u00fan modelo en especial?\t\t\t\t\t\t\t<\/label>\r\n\t\t\t\t\t\t\t\t\t\t\t\t\t\t<input size=\"1\" type=\"text\" name=\"form_fields[field_5a6bbb0]\" id=\"form-field-field_5a6bbb0\" class=\"elementor-field elementor-size-md  elementor-field-textual\" placeholder=\"Ejemplo: BV5300 PLus, Active 10 Pro, etc.\">\r\n\t\t\t\t\t\t\t\t\t\t\t<\/div>\r\n\t\t\t\t\t\t\t\t<div class=\"elementor-field-type-number elementor-field-group elementor-column elementor-field-group-field_a60075e elementor-col-100\">\r\n\t\t\t\t\t\t\t\t\t\t\t\t<label for=\"form-field-field_a60075e\" class=\"elementor-field-label\">\r\n\t\t\t\t\t\t\t\t\u00bfCu\u00e1ntas unidades necesitas?\t\t\t\t\t\t\t<\/label>\r\n\t\t\t\t\t\t\t\t\t<input type=\"number\" name=\"form_fields[field_a60075e]\" id=\"form-field-field_a60075e\" class=\"elementor-field elementor-size-md  elementor-field-textual\" placeholder=\"Ingresa la cantidad\" min=\"\" max=\"\" >\r\n\t\t\t\t\t\t<\/div>\r\n\t\t\t\t\t\t\t\t<div class=\"elementor-field-type-textarea elementor-field-group elementor-column elementor-field-group-message elementor-col-100\">\r\n\t\t\t\t\t\t\t\t\t\t\t\t<label for=\"form-field-message\" class=\"elementor-field-label\">\r\n\t\t\t\t\t\t\t\tComentarios adicionales\t\t\t\t\t\t\t<\/label>\r\n\t\t\t\t\t\t<textarea class=\"elementor-field-textual elementor-field  elementor-size-md\" name=\"form_fields[message]\" id=\"form-field-message\" rows=\"4\" placeholder=\"\u00bfAlguna duda o necesidad especial? Com\u00e9ntanos\"><\/textarea>\t\t\t\t<\/div>\r\n\t\t\t\t\t\t\t\t<div class=\"elementor-field-type-acceptance elementor-field-group elementor-column elementor-field-group-field_4e8a9fb elementor-col-100 elementor-field-required\">\r\n\t\t\t\t\t\t\t\t\t\t\t\t<label for=\"form-field-field_4e8a9fb\" class=\"elementor-field-label\">\r\n\t\t\t\t\t\t\t\tPol\u00edtica de privacidad\t\t\t\t\t\t\t<\/label>\r\n\t\t\t\t\t\t\t\t<div class=\"elementor-field-subgroup\">\r\n\t\t\t<span class=\"elementor-field-option\">\r\n\t\t\t\t<input type=\"checkbox\" name=\"form_fields[field_4e8a9fb]\" id=\"form-field-field_4e8a9fb\" class=\"elementor-field elementor-size-md  elementor-acceptance-field\" required=\"required\">\r\n\t\t\t\t<label for=\"form-field-field_4e8a9fb\">He le\u00eddo y acepto los t\u00e9rminos y condiciones. <\/label>\t\t\t<\/span>\r\n\t\t<\/div>\r\n\t\t\t\t\t\t<\/div>\r\n\t\t\t\t\t\t\t\t<div class=\"elementor-field-type-recaptcha_v3 elementor-field-group elementor-column elementor-field-group-field_a5d53ca elementor-col-100 recaptcha_v3-bottomright\">\r\n\t\t\t\t\t<div class=\"elementor-field\" id=\"form-field-field_a5d53ca\"><div class=\"elementor-g-recaptcha\" data-sitekey=\"6LfsslYrAAAAABPbEVKsUybVTQgP0T_XHNz3r8P2\" data-type=\"v3\" data-action=\"Form\" data-badge=\"bottomright\" data-size=\"invisible\"><\/div><\/div>\t\t\t\t<\/div>\r\n\t\t\t\t\t\t\t\t<div class=\"elementor-field-group elementor-column elementor-field-type-submit elementor-col-100 e-form__buttons\">\r\n\t\t\t\t\t<button class=\"elementor-button elementor-size-sm\" type=\"submit\">\r\n\t\t\t\t\t\t<span class=\"elementor-button-content-wrapper\">\r\n\t\t\t\t\t\t\t\t\t\t\t\t\t\t\t\t\t\t\t\t\t\t<span class=\"elementor-button-text\">Enviar<\/span>\r\n\t\t\t\t\t\t\t\t\t\t\t\t\t<\/span>\r\n\t\t\t\t\t<\/button>\r\n\t\t\t\t<\/div>\r\n\t\t\t<\/div>\r\n\t\t<\/form>\r\n\t\t\t\t\t\t<\/div>\n\t\t\t\t<\/div>\n\t\t\t\t\t<\/div>\n\t\t\t\t<\/div>\n\t\t<div class=\"elementor-element elementor-element-342403f e-flex e-con-boxed e-con e-parent\" data-id=\"342403f\" data-element_type=\"container\" data-e-type=\"container\">\n\t\t\t\t\t<div class=\"e-con-inner\">\n\t\t\t\t<div class=\"elementor-element elementor-element-a27d620 elementor-widget elementor-widget-text-editor\" data-id=\"a27d620\" data-element_type=\"widget\" data-e-type=\"widget\" data-widget_type=\"text-editor.default\">\n\t\t\t\t<div class=\"elementor-widget-container\">\n\t\t\t\t\t\t\t\t\t<p>Es mi deber informarle que los datos de car\u00e1cter personal que me proporciones rellenando este formulario ser\u00e1n tratados por:<br>Responsable: Identidad: TELEFONOS RESISTENTES S.L. \u2013 NIF: B-67246108 Dir. Postal: Valls de Andorra 2, 2-1 Tel\u00e9fono: 935150520 Email: info@blackviewphones.com.<br>En nombre de la empresa tratamos la informaci\u00f3n que nos facilita con el fin de prestarles el servicio solicitado o realizar la facturaci\u00f3n del mismo. Los datos proporcionados se conservar\u00e1n mientras se mantenga la relaci\u00f3n comercial o durante los a\u00f1os necesarios para cumplir con las obligaciones legales. Los datos no se ceder\u00e1n a terceros, salvo en los casos en que exista una obligaci\u00f3n legal. Usted tiene derecho a obtener confirmaci\u00f3n sobre si en\u00a0<span style=\"letter-spacing: -0.03px;\">TELEFONOS RESISTENTES S.L.<\/span>\u00a0estamos tratando sus datos personales, por tanto, tiene derecho a acceder a sus datos personales, rectificar los datos inexactos o solicitar su supresi\u00f3n cuando los datos ya no sean necesarios. Asimismo, solicito su autorizaci\u00f3n para ofrecerle productos y servicios relacionados con los solicitados y fidelizarle como cliente.<\/p>\t\t\t\t\t\t\t\t<\/div>\n\t\t\t\t<\/div>\n\t\t\t\t\t<\/div>\n\t\t\t\t<\/div>\n\t\t\t\t<\/div>\n\t\t","protected":false},"excerpt":{"rendered":"<p>M\u00fcssen Sie Ihr Team mit robusten Ger\u00e4ten ausstatten? Wenn Sie ein Unternehmen besitzen, bieten wir bei Blackview ideale L\u00f6sungen f\u00fcr Unternehmen, die langlebige und effiziente Ger\u00e4te f\u00fcr ihre Mitarbeiter ben\u00f6tigen. \ud83d\udd27 Warum sollten Sie sich f\u00fcr unsere Produkte entscheiden? Entwickelt f\u00fcr anspruchsvolle Umgebungen: Sto\u00df-, Wasser- und Staubbest\u00e4ndigkeit. Fortschrittliche Technologie zur Maximierung der Produktivit\u00e4t. Spezieller technischer Support f\u00fcr Unternehmen.<\/p>\n<div class=\"klb-readmore entry-button\"><a class=\"btn read-more\" href=\"https:\/\/blackviewphones.com\/de\/empresas\/\">Mehr lesen<\/a><\/div>","protected":false},"author":2,"featured_media":0,"parent":0,"menu_order":0,"comment_status":"closed","ping_status":"closed","template":"","meta":{"_acf_changed":false,"footnotes":""},"class_list":["post-3065","page","type-page","status-publish","hentry"],"acf":[],"_links":{"self":[{"href":"https:\/\/blackviewphones.com\/de\/wp-json\/wp\/v2\/pages\/3065","targetHints":{"allow":["GET"]}}],"collection":[{"href":"https:\/\/blackviewphones.com\/de\/wp-json\/wp\/v2\/pages"}],"about":[{"href":"https:\/\/blackviewphones.com\/de\/wp-json\/wp\/v2\/types\/page"}],"author":[{"embeddable":true,"href":"https:\/\/blackviewphones.com\/de\/wp-json\/wp\/v2\/users\/2"}],"replies":[{"embeddable":true,"href":"https:\/\/blackviewphones.com\/de\/wp-json\/wp\/v2\/comments?post=3065"}],"version-history":[{"count":0,"href":"https:\/\/blackviewphones.com\/de\/wp-json\/wp\/v2\/pages\/3065\/revisions"}],"wp:attachment":[{"href":"https:\/\/blackviewphones.com\/de\/wp-json\/wp\/v2\/media?parent=3065"}],"curies":[{"name":"wp","href":"https:\/\/api.w.org\/{rel}","templated":true}]}}