

{"id":3046,"date":"2025-01-17T12:56:47","date_gmt":"2025-01-17T11:56:47","guid":{"rendered":"https:\/\/blackviewphones.com\/?page_id=3046"},"modified":"2026-01-27T14:06:31","modified_gmt":"2026-01-27T13:06:31","slug":"kaufratgeber","status":"publish","type":"page","link":"https:\/\/blackviewphones.com\/de\/guia-de-compra\/","title":{"rendered":"Kaufberatung"},"content":{"rendered":"<div data-elementor-type=\"wp-page\" data-elementor-id=\"3046\" class=\"elementor elementor-3046\" data-elementor-post-type=\"page\">\n\t\t\t\t<div class=\"elementor-element elementor-element-9e0868a e-flex e-con-boxed e-con e-parent\" data-id=\"9e0868a\" data-element_type=\"container\" data-e-type=\"container\">\n\t\t\t\t\t<div class=\"e-con-inner\">\n\t\t\t\t<div class=\"elementor-element elementor-element-c3cba56 elementor-widget elementor-widget-heading\" data-id=\"c3cba56\" data-element_type=\"widget\" data-e-type=\"widget\" data-widget_type=\"heading.default\">\n\t\t\t\t<div class=\"elementor-widget-container\">\n\t\t\t\t\t<h1 class=\"elementor-heading-title elementor-size-default\">Kaufratgeber f\u00fcr Blackview-Telefone<\/h1>\t\t\t\t<\/div>\n\t\t\t\t<\/div>\n\t\t\t\t\t<\/div>\n\t\t\t\t<\/div>\n\t\t<div class=\"elementor-element elementor-element-d8dbd30 e-flex e-con-boxed e-con e-parent\" data-id=\"d8dbd30\" data-element_type=\"container\" data-e-type=\"container\">\n\t\t\t\t\t<div class=\"e-con-inner\">\n\t\t<div class=\"elementor-element elementor-element-ad52271 e-con-full e-flex e-con e-child\" data-id=\"ad52271\" data-element_type=\"container\" data-e-type=\"container\">\n\t\t\t\t<div class=\"elementor-element elementor-element-d780f32 elementor-align-center elementor-widget elementor-widget-button\" data-id=\"d780f32\" data-element_type=\"widget\" data-e-type=\"widget\" data-widget_type=\"button.default\">\n\t\t\t\t<div class=\"elementor-widget-container\">\n\t\t\t\t\t\t\t\t\t<div class=\"elementor-button-wrapper\">\n\t\t\t\t\t<a class=\"elementor-button elementor-button-link elementor-size-sm\" href=\"#producto-ideal\">\n\t\t\t\t\t\t<span class=\"elementor-button-content-wrapper\">\n\t\t\t\t\t\t\t\t\t<span class=\"elementor-button-text\">Wie w\u00e4hlt man das ideale Produkt aus?<\/span>\n\t\t\t\t\t<\/span>\n\t\t\t\t\t<\/a>\n\t\t\t\t<\/div>\n\t\t\t\t\t\t\t\t<\/div>\n\t\t\t\t<\/div>\n\t\t\t\t<\/div>\n\t\t<div class=\"elementor-element elementor-element-925b0dc e-con-full e-flex e-con e-child\" data-id=\"925b0dc\" data-element_type=\"container\" data-e-type=\"container\">\n\t\t\t\t<div class=\"elementor-element elementor-element-cc1b3a0 elementor-align-center elementor-widget elementor-widget-button\" data-id=\"cc1b3a0\" data-element_type=\"widget\" data-e-type=\"widget\" data-widget_type=\"button.default\">\n\t\t\t\t<div class=\"elementor-widget-container\">\n\t\t\t\t\t\t\t\t\t<div class=\"elementor-button-wrapper\">\n\t\t\t\t\t<a class=\"elementor-button elementor-button-link elementor-size-sm\" href=\"https:\/\/blackviewphones.com\/de\/eine-bestellung-aufgeben\/\">\n\t\t\t\t\t\t<span class=\"elementor-button-content-wrapper\">\n\t\t\t\t\t\t\t\t\t<span class=\"elementor-button-text\">\ud83d\udd0e<br>Wie kaufen Sie ein?<\/span>\n\t\t\t\t\t<\/span>\n\t\t\t\t\t<\/a>\n\t\t\t\t<\/div>\n\t\t\t\t\t\t\t\t<\/div>\n\t\t\t\t<\/div>\n\t\t\t\t<\/div>\n\t\t<div class=\"elementor-element elementor-element-8f120f6 e-con-full e-flex e-con e-child\" data-id=\"8f120f6\" data-element_type=\"container\" data-e-type=\"container\">\n\t\t\t\t<div class=\"elementor-element elementor-element-0e208f2 elementor-align-center elementor-widget elementor-widget-button\" data-id=\"0e208f2\" data-element_type=\"widget\" data-e-type=\"widget\" data-widget_type=\"button.default\">\n\t\t\t\t<div class=\"elementor-widget-container\">\n\t\t\t\t\t\t\t\t\t<div class=\"elementor-button-wrapper\">\n\t\t\t\t\t<a class=\"elementor-button elementor-button-link elementor-size-sm\" href=\"https:\/\/blackviewphones.com\/de\/rucksendungen\/\">\n\t\t\t\t\t\t<span class=\"elementor-button-content-wrapper\">\n\t\t\t\t\t\t\t\t\t<span class=\"elementor-button-text\">Wie kann ich ein Produkt zur\u00fcckgeben?<\/span>\n\t\t\t\t\t<\/span>\n\t\t\t\t\t<\/a>\n\t\t\t\t<\/div>\n\t\t\t\t\t\t\t\t<\/div>\n\t\t\t\t<\/div>\n\t\t\t\t<\/div>\n\t\t<div class=\"elementor-element elementor-element-7451fed e-con-full e-flex e-con e-child\" data-id=\"7451fed\" data-element_type=\"container\" data-e-type=\"container\">\n\t\t\t\t<div class=\"elementor-element elementor-element-f23f80a elementor-align-center elementor-widget elementor-widget-button\" data-id=\"f23f80a\" data-element_type=\"widget\" data-e-type=\"widget\" data-widget_type=\"button.default\">\n\t\t\t\t<div class=\"elementor-widget-container\">\n\t\t\t\t\t\t\t\t\t<div class=\"elementor-button-wrapper\">\n\t\t\t\t\t<a class=\"elementor-button elementor-button-link elementor-size-sm\" href=\"https:\/\/blackviewphones.com\/de\/ruckerstattung_rucksendungen\/\">\n\t\t\t\t\t\t<span class=\"elementor-button-content-wrapper\">\n\t\t\t\t\t\t\t\t\t<span class=\"elementor-button-text\">\ud83d\udcc2Garantieinformationen<\/span>\n\t\t\t\t\t<\/span>\n\t\t\t\t\t<\/a>\n\t\t\t\t<\/div>\n\t\t\t\t\t\t\t\t<\/div>\n\t\t\t\t<\/div>\n\t\t\t\t<\/div>\n\t\t\t\t\t<\/div>\n\t\t\t\t<\/div>\n\t\t<div class=\"elementor-element elementor-element-1fb89e0 e-flex e-con-boxed e-con e-parent\" data-id=\"1fb89e0\" data-element_type=\"container\" data-e-type=\"container\">\n\t\t\t\t\t<div class=\"e-con-inner\">\n\t\t<div class=\"elementor-element elementor-element-4807c62 e-con-full e-flex e-con e-child\" data-id=\"4807c62\" data-element_type=\"container\" data-e-type=\"container\" id=\"producto-ideal\">\n\t\t\t\t<div class=\"elementor-element elementor-element-6555a58 elementor-widget elementor-widget-text-editor\" data-id=\"6555a58\" data-element_type=\"widget\" data-e-type=\"widget\" data-widget_type=\"text-editor.default\">\n\t\t\t\t<div class=\"elementor-widget-container\">\n\t\t\t\t\t\t\t\t\t<h2>\ud83d\uded2 Kaufratgeber \u2013 Blackview Handys<\/h2><p>Wir helfen Ihnen bei der Auswahl des idealen Blackview-Ger\u00e4ts f\u00fcr Sie. Befolgen Sie diese Kurzanleitung, um die beste Entscheidung zu treffen.<\/p><h3>\ud83d\udcf1 Super robuste Mobiltelefone<\/h3><p><strong>Was sind Sie?<\/strong> Mobiltelefone f\u00fcr extreme Bedingungen (Wasser, Staub, St\u00fcrze) mit IP68\/IP69-Zertifizierung.<\/p><p><strong>Was soll man w\u00e4hlen?<\/strong><\/p><ul style=\"padding-left: 15px;\"><li>Grundnutzung: 2-3 GB RAM<\/li><li>Mittlere Nutzung: 4 GB \u2013 8 GB RAM<\/li><li>Intensive Nutzung: 12 GB+ RAM<\/li><\/ul><p><strong>Batterie:<\/strong><\/p><ul style=\"padding-left: 15px;\"><li>Licht: 2500\u20134000 mAh<\/li><li>M\u00e4\u00dfig: 4000\u20138000 mAh<\/li><li>Intensiv: 8000+ mAh<\/li><\/ul><h3>\ud83d\udcf1 Herk\u00f6mmliche Mobiltelefone<\/h3><p><strong>Was sind Sie?<\/strong> Alltagstelefone ohne zus\u00e4tzlichen Schutz.<\/p><p><strong>Was soll man w\u00e4hlen?<\/strong><\/p><ul style=\"padding-left: 15px;\"><li>Grundnutzung: 2-6 GB RAM<\/li><li>Mittel: 6\u20138 GB RAM<\/li><li>Intensiv: 8 GB+ RAM<\/li><\/ul><p><strong>Batterie:<\/strong> genau wie robuste Telefone.<\/p><h3>\ud83c\udfa7 Zubeh\u00f6r<\/h3><p>Finden Sie Kabel, Kopfh\u00f6rer, Ladeger\u00e4te und mehr als Erg\u00e4nzung zu Ihrem Telefon.<\/p><h2>\ud83d\udecd\ufe0f Wie kaufe ich?<\/h2><ol style=\"padding-left: 15px;\"><li>Produkt und Farbe ausw\u00e4hlen<\/li><li>In den Warenkorb legen<\/li><li>Geben Sie Ihre Details ein<\/li><li>Zahlungsmethode ausw\u00e4hlen<\/li><li>Best\u00e4tigen Sie die Bestellung<\/li><\/ol><p><strong>Vollst\u00e4ndige Anleitung anzeigen<\/strong><\/p><h2>\ud83d\udce6 Versand<\/h2><ul style=\"padding-left: 15px;\"><li>Kostenlos ab 72 \u20ac (Halbinsel)<\/li><li>Lieferung in 24\/48 Stunden<\/li><\/ul><h2>\ud83d\udcde Kontakt<\/h2><ul style=\"padding-left: 15px;\"><li>\ud83d\udcde (+34)935150520 (Mo-Fr 9:30 bis 18:00 Uhr)<\/li><li>\u2709\ufe0f <a href=\"mailto:info@blackviewphones.com\">info@blackviewphones.com<\/a><\/li><li>\ud83d\udcac WhatsApp: +34 600 45 12 64<\/li><\/ul><p><strong>Zweifel?<\/strong> Wir sind hier, um Ihnen zu helfen.<\/p>\t\t\t\t\t\t\t\t<\/div>\n\t\t\t\t<\/div>\n\t\t\t\t<\/div>\n\t\t\t\t\t<\/div>\n\t\t\t\t<\/div>\n\t\t\t\t<\/div>","protected":false},"excerpt":{"rendered":"<p>Blackview-Handy-Kaufberatung: Wie w\u00e4hle ich das ideale Produkt? \ud83d\udd0e Wie kaufe ich ein Handy? Wie gebe ich ein Produkt zur\u00fcck? \ud83d\udcc2 Garantieinformationen \ud83d\uded2 Kaufberatung \u2013 Blackview-Handys Wir helfen Ihnen, das ideale Blackview-Ger\u00e4t f\u00fcr Ihre Bed\u00fcrfnisse zu finden. Folgen Sie dieser Kurzanleitung, um die beste Entscheidung zu treffen. \ud83d\udcf1 Besonders robuste Handys: Was sind sie? Handys f\u00fcr extreme Bedingungen<\/p>\n<div class=\"klb-readmore entry-button\"><a class=\"btn read-more\" href=\"https:\/\/blackviewphones.com\/de\/guia-de-compra\/\">Mehr lesen<\/a><\/div>","protected":false},"author":2,"featured_media":0,"parent":0,"menu_order":0,"comment_status":"closed","ping_status":"closed","template":"","meta":{"_acf_changed":false,"footnotes":""},"class_list":["post-3046","page","type-page","status-publish","hentry"],"acf":[],"_links":{"self":[{"href":"https:\/\/blackviewphones.com\/de\/wp-json\/wp\/v2\/pages\/3046","targetHints":{"allow":["GET"]}}],"collection":[{"href":"https:\/\/blackviewphones.com\/de\/wp-json\/wp\/v2\/pages"}],"about":[{"href":"https:\/\/blackviewphones.com\/de\/wp-json\/wp\/v2\/types\/page"}],"author":[{"embeddable":true,"href":"https:\/\/blackviewphones.com\/de\/wp-json\/wp\/v2\/users\/2"}],"replies":[{"embeddable":true,"href":"https:\/\/blackviewphones.com\/de\/wp-json\/wp\/v2\/comments?post=3046"}],"version-history":[{"count":0,"href":"https:\/\/blackviewphones.com\/de\/wp-json\/wp\/v2\/pages\/3046\/revisions"}],"wp:attachment":[{"href":"https:\/\/blackviewphones.com\/de\/wp-json\/wp\/v2\/media?parent=3046"}],"curies":[{"name":"wp","href":"https:\/\/api.w.org\/{rel}","templated":true}]}}